{"id":6447,"date":"2022-11-07T15:58:40","date_gmt":"2022-11-07T20:58:40","guid":{"rendered":"https:\/\/comfacor.com.co\/?page_id=6447"},"modified":"2022-11-07T16:09:21","modified_gmt":"2022-11-07T21:09:21","slug":"rendicion-de-cuentas-eps","status":"publish","type":"page","link":"https:\/\/comfacor.com.co\/newweb\/rendicion-de-cuentas-eps\/","title":{"rendered":"Rendici\u00f3n de cuentas EPS"},"content":{"rendered":"\t\t<div data-elementor-type=\"wp-page\" data-elementor-id=\"6447\" class=\"elementor elementor-6447\" data-elementor-post-type=\"page\">\n\t\t\t\t\t\t<section class=\"elementor-section elementor-top-section elementor-element elementor-element-596e9f5 elementor-section-boxed elementor-section-height-default elementor-section-height-default\" data-id=\"596e9f5\" data-element_type=\"section\" data-e-type=\"section\" data-settings=\"{&quot;background_background&quot;:&quot;video&quot;,&quot;background_video_link&quot;:&quot;https:\\\/\\\/www.youtube.com\\\/watch?v=JLNlritvlLM&quot;,&quot;background_play_on_mobile&quot;:&quot;yes&quot;}\">\n\t\t\t\t\t\t\t\t<div class=\"elementor-background-video-container\">\n\t\t\t\t\t\t\t\t\t\t\t\t\t<div class=\"elementor-background-video-embed\" role=\"presentation\"><\/div>\n\t\t\t\t\t\t\t\t\t\t\t\t<\/div>\n\t\t\t\t\t\t\t\t<div class=\"elementor-container elementor-column-gap-default\">\n\t\t\t\t\t<div class=\"elementor-column elementor-col-100 elementor-top-column elementor-element elementor-element-1af048c\" data-id=\"1af048c\" data-element_type=\"column\" data-e-type=\"column\">\n\t\t\t<div class=\"elementor-widget-wrap elementor-element-populated\">\n\t\t\t\t\t\t<div class=\"elementor-element elementor-element-e75b460 elementor-widget elementor-widget-spacer\" data-id=\"e75b460\" data-element_type=\"widget\" data-e-type=\"widget\" data-widget_type=\"spacer.default\">\n\t\t\t\t<div class=\"elementor-widget-container\">\n\t\t\t\t\t\t\t<div class=\"elementor-spacer\">\n\t\t\t<div class=\"elementor-spacer-inner\"><\/div>\n\t\t<\/div>\n\t\t\t\t\t\t<\/div>\n\t\t\t\t<\/div>\n\t\t\t\t<div class=\"elementor-element elementor-element-dee85a8 elementor-widget elementor-widget-spacer\" data-id=\"dee85a8\" data-element_type=\"widget\" data-e-type=\"widget\" data-widget_type=\"spacer.default\">\n\t\t\t\t<div class=\"elementor-widget-container\">\n\t\t\t\t\t\t\t<div class=\"elementor-spacer\">\n\t\t\t<div class=\"elementor-spacer-inner\"><\/div>\n\t\t<\/div>\n\t\t\t\t\t\t<\/div>\n\t\t\t\t<\/div>\n\t\t\t\t\t<\/div>\n\t\t<\/div>\n\t\t\t\t\t<\/div>\n\t\t<\/section>\n\t\t\t\t<section class=\"elementor-section elementor-top-section elementor-element elementor-element-1fbaf1b elementor-section-boxed elementor-section-height-default elementor-section-height-default\" data-id=\"1fbaf1b\" data-element_type=\"section\" data-e-type=\"section\">\n\t\t\t\t\t\t<div class=\"elementor-container elementor-column-gap-default\">\n\t\t\t\t\t<div class=\"elementor-column elementor-col-100 elementor-top-column elementor-element elementor-element-885ceee\" data-id=\"885ceee\" data-element_type=\"column\" data-e-type=\"column\">\n\t\t\t<div class=\"elementor-widget-wrap elementor-element-populated\">\n\t\t\t\t\t\t<div class=\"elementor-element elementor-element-81e3d2b elementor-widget elementor-widget-spacer\" data-id=\"81e3d2b\" data-element_type=\"widget\" data-e-type=\"widget\" data-widget_type=\"spacer.default\">\n\t\t\t\t<div class=\"elementor-widget-container\">\n\t\t\t\t\t\t\t<div class=\"elementor-spacer\">\n\t\t\t<div class=\"elementor-spacer-inner\"><\/div>\n\t\t<\/div>\n\t\t\t\t\t\t<\/div>\n\t\t\t\t<\/div>\n\t\t\t\t\t<\/div>\n\t\t<\/div>\n\t\t\t\t\t<\/div>\n\t\t<\/section>\n\t\t\t\t<section class=\"elementor-section elementor-top-section elementor-element elementor-element-fba1fa8 elementor-section-boxed elementor-section-height-default elementor-section-height-default\" data-id=\"fba1fa8\" data-element_type=\"section\" data-e-type=\"section\">\n\t\t\t\t\t\t<div class=\"elementor-container elementor-column-gap-default\">\n\t\t\t\t\t<div class=\"elementor-column elementor-col-100 elementor-top-column elementor-element elementor-element-f5b3d6e\" data-id=\"f5b3d6e\" data-element_type=\"column\" data-e-type=\"column\">\n\t\t\t<div class=\"elementor-widget-wrap elementor-element-populated\">\n\t\t\t\t\t\t<div class=\"elementor-element elementor-element-57ef8c0 elementor-align-center elementor-widget elementor-widget-button\" data-id=\"57ef8c0\" data-element_type=\"widget\" data-e-type=\"widget\" data-widget_type=\"button.default\">\n\t\t\t\t<div class=\"elementor-widget-container\">\n\t\t\t\t\t\t\t\t\t<div class=\"elementor-button-wrapper\">\n\t\t\t\t\t<a class=\"elementor-button elementor-button-link elementor-size-sm\" href=\"https:\/\/drive.google.com\/file\/d\/1J8JNnGsnvbKZF7Or6cxEcImOWThII_11\/view\">\n\t\t\t\t\t\t<span class=\"elementor-button-content-wrapper\">\n\t\t\t\t\t\t\t\t\t<span class=\"elementor-button-text\">Descargar<\/span>\n\t\t\t\t\t<\/span>\n\t\t\t\t\t<\/a>\n\t\t\t\t<\/div>\n\t\t\t\t\t\t\t\t<\/div>\n\t\t\t\t<\/div>\n\t\t\t\t\t<\/div>\n\t\t<\/div>\n\t\t\t\t\t<\/div>\n\t\t<\/section>\n\t\t\t\t<section class=\"elementor-section elementor-top-section elementor-element elementor-element-2f640cc elementor-section-boxed elementor-section-height-default elementor-section-height-default\" data-id=\"2f640cc\" data-element_type=\"section\" data-e-type=\"section\">\n\t\t\t\t\t\t<div class=\"elementor-container elementor-column-gap-default\">\n\t\t\t\t\t<div class=\"elementor-column elementor-col-100 elementor-top-column elementor-element elementor-element-fe1ca5b\" data-id=\"fe1ca5b\" data-element_type=\"column\" data-e-type=\"column\">\n\t\t\t<div class=\"elementor-widget-wrap elementor-element-populated\">\n\t\t\t\t\t\t<section class=\"elementor-section elementor-inner-section elementor-element elementor-element-7b04557 elementor-section-boxed elementor-section-height-default elementor-section-height-default\" data-id=\"7b04557\" data-element_type=\"section\" data-e-type=\"section\">\n\t\t\t\t\t\t<div class=\"elementor-container elementor-column-gap-default\">\n\t\t\t\t\t<div class=\"elementor-column elementor-col-100 elementor-inner-column elementor-element elementor-element-33f8680\" data-id=\"33f8680\" data-element_type=\"column\" data-e-type=\"column\">\n\t\t\t<div class=\"elementor-widget-wrap elementor-element-populated\">\n\t\t\t\t\t\t<div class=\"elementor-element elementor-element-4eed8d0 elementor-align-center elementor-widget elementor-widget-button\" data-id=\"4eed8d0\" data-element_type=\"widget\" data-e-type=\"widget\" data-widget_type=\"button.default\">\n\t\t\t\t<div class=\"elementor-widget-container\">\n\t\t\t\t\t\t\t\t\t<div class=\"elementor-button-wrapper\">\n\t\t\t\t\t<a class=\"elementor-button elementor-button-link elementor-size-sm\" href=\"http:\/\/Informe%20de%20Rendici\u00f3n%20de%20Cuentas%202018\">\n\t\t\t\t\t\t<span class=\"elementor-button-content-wrapper\">\n\t\t\t\t\t\t\t\t\t<span class=\"elementor-button-text\">Descargar<\/span>\n\t\t\t\t\t<\/span>\n\t\t\t\t\t<\/a>\n\t\t\t\t<\/div>\n\t\t\t\t\t\t\t\t<\/div>\n\t\t\t\t<\/div>\n\t\t\t\t\t<\/div>\n\t\t<\/div>\n\t\t\t\t\t<\/div>\n\t\t<\/section>\n\t\t\t\t\t<\/div>\n\t\t<\/div>\n\t\t\t\t\t<\/div>\n\t\t<\/section>\n\t\t\t\t<section class=\"elementor-section elementor-top-section elementor-element elementor-element-3543d35 elementor-section-boxed elementor-section-height-default elementor-section-height-default\" data-id=\"3543d35\" data-element_type=\"section\" data-e-type=\"section\">\n\t\t\t\t\t\t<div class=\"elementor-container elementor-column-gap-default\">\n\t\t\t\t\t<div class=\"elementor-column elementor-col-100 elementor-top-column elementor-element elementor-element-9478769\" data-id=\"9478769\" data-element_type=\"column\" data-e-type=\"column\">\n\t\t\t<div class=\"elementor-widget-wrap elementor-element-populated\">\n\t\t\t\t\t\t<div class=\"elementor-element elementor-element-19e5c18 elementor-align-center elementor-widget elementor-widget-button\" data-id=\"19e5c18\" data-element_type=\"widget\" data-e-type=\"widget\" data-widget_type=\"button.default\">\n\t\t\t\t<div class=\"elementor-widget-container\">\n\t\t\t\t\t\t\t\t\t<div class=\"elementor-button-wrapper\">\n\t\t\t\t\t<a class=\"elementor-button elementor-button-link elementor-size-sm\" href=\"https:\/\/drive.google.com\/file\/d\/1z5uFRcDy_BCODPkWDMbfpOAmRi7mENMg\/preview\">\n\t\t\t\t\t\t<span class=\"elementor-button-content-wrapper\">\n\t\t\t\t\t\t\t\t\t<span class=\"elementor-button-text\">Descargar<\/span>\n\t\t\t\t\t<\/span>\n\t\t\t\t\t<\/a>\n\t\t\t\t<\/div>\n\t\t\t\t\t\t\t\t<\/div>\n\t\t\t\t<\/div>\n\t\t\t\t\t<\/div>\n\t\t<\/div>\n\t\t\t\t\t<\/div>\n\t\t<\/section>\n\t\t\t\t<section class=\"elementor-section elementor-top-section elementor-element elementor-element-f572f66 elementor-section-boxed elementor-section-height-default elementor-section-height-default\" data-id=\"f572f66\" data-element_type=\"section\" data-e-type=\"section\">\n\t\t\t\t\t\t<div class=\"elementor-container elementor-column-gap-default\">\n\t\t\t\t\t<div class=\"elementor-column elementor-col-100 elementor-top-column elementor-element elementor-element-958e0a6\" data-id=\"958e0a6\" data-element_type=\"column\" data-e-type=\"column\">\n\t\t\t<div class=\"elementor-widget-wrap elementor-element-populated\">\n\t\t\t\t\t\t<div class=\"elementor-element elementor-element-20f1f7d elementor-align-center elementor-widget elementor-widget-button\" data-id=\"20f1f7d\" data-element_type=\"widget\" data-e-type=\"widget\" data-widget_type=\"button.default\">\n\t\t\t\t<div class=\"elementor-widget-container\">\n\t\t\t\t\t\t\t\t\t<div class=\"elementor-button-wrapper\">\n\t\t\t\t\t<a class=\"elementor-button elementor-button-link elementor-size-sm\" href=\"https:\/\/drive.google.com\/file\/d\/1LxPMrUd-erqkLQzN3JBOGOM573KTHDX2\/view\">\n\t\t\t\t\t\t<span class=\"elementor-button-content-wrapper\">\n\t\t\t\t\t\t\t\t\t<span class=\"elementor-button-text\">Descargar<\/span>\n\t\t\t\t\t<\/span>\n\t\t\t\t\t<\/a>\n\t\t\t\t<\/div>\n\t\t\t\t\t\t\t\t<\/div>\n\t\t\t\t<\/div>\n\t\t\t\t\t<\/div>\n\t\t<\/div>\n\t\t\t\t\t<\/div>\n\t\t<\/section>\n\t\t\t\t<section class=\"elementor-section elementor-top-section elementor-element elementor-element-e7c3450 elementor-section-boxed elementor-section-height-default elementor-section-height-default\" data-id=\"e7c3450\" data-element_type=\"section\" data-e-type=\"section\">\n\t\t\t\t\t\t<div class=\"elementor-container elementor-column-gap-default\">\n\t\t\t\t\t<div class=\"elementor-column elementor-col-100 elementor-top-column elementor-element elementor-element-d507474\" data-id=\"d507474\" data-element_type=\"column\" data-e-type=\"column\">\n\t\t\t<div class=\"elementor-widget-wrap elementor-element-populated\">\n\t\t\t\t\t\t<div class=\"elementor-element elementor-element-a19dc96 elementor-align-center elementor-widget elementor-widget-button\" data-id=\"a19dc96\" data-element_type=\"widget\" data-e-type=\"widget\" data-widget_type=\"button.default\">\n\t\t\t\t<div class=\"elementor-widget-container\">\n\t\t\t\t\t\t\t\t\t<div class=\"elementor-button-wrapper\">\n\t\t\t\t\t<a class=\"elementor-button elementor-button-link elementor-size-sm\" href=\"https:\/\/drive.google.com\/file\/d\/1VsAKn-RaIRlfS0KzFQxCVXPSFPwpotHp\/view\">\n\t\t\t\t\t\t<span class=\"elementor-button-content-wrapper\">\n\t\t\t\t\t\t\t\t\t<span class=\"elementor-button-text\">Descargar<\/span>\n\t\t\t\t\t<\/span>\n\t\t\t\t\t<\/a>\n\t\t\t\t<\/div>\n\t\t\t\t\t\t\t\t<\/div>\n\t\t\t\t<\/div>\n\t\t\t\t\t<\/div>\n\t\t<\/div>\n\t\t\t\t\t<\/div>\n\t\t<\/section>\n\t\t\t\t<section class=\"elementor-section elementor-top-section elementor-element elementor-element-9203a3c elementor-section-boxed elementor-section-height-default elementor-section-height-default\" data-id=\"9203a3c\" data-element_type=\"section\" data-e-type=\"section\">\n\t\t\t\t\t\t<div class=\"elementor-container elementor-column-gap-default\">\n\t\t\t\t\t<div class=\"elementor-column elementor-col-100 elementor-top-column elementor-element elementor-element-71c2926\" data-id=\"71c2926\" data-element_type=\"column\" data-e-type=\"column\">\n\t\t\t<div class=\"elementor-widget-wrap elementor-element-populated\">\n\t\t\t\t\t\t<div class=\"elementor-element elementor-element-a95cfba elementor-align-center elementor-widget elementor-widget-button\" data-id=\"a95cfba\" data-element_type=\"widget\" data-e-type=\"widget\" data-widget_type=\"button.default\">\n\t\t\t\t<div class=\"elementor-widget-container\">\n\t\t\t\t\t\t\t\t\t<div class=\"elementor-button-wrapper\">\n\t\t\t\t\t<a class=\"elementor-button elementor-button-link elementor-size-sm\" href=\"https:\/\/drive.google.com\/file\/d\/1SxkPTCMVxeqbNZOxOBUFTDXR_canuXi6\/view\">\n\t\t\t\t\t\t<span class=\"elementor-button-content-wrapper\">\n\t\t\t\t\t\t\t\t\t<span class=\"elementor-button-text\">Descargar<\/span>\n\t\t\t\t\t<\/span>\n\t\t\t\t\t<\/a>\n\t\t\t\t<\/div>\n\t\t\t\t\t\t\t\t<\/div>\n\t\t\t\t<\/div>\n\t\t\t\t\t<\/div>\n\t\t<\/div>\n\t\t\t\t\t<\/div>\n\t\t<\/section>\n\t\t\t\t<section class=\"elementor-section elementor-top-section elementor-element elementor-element-671a739 elementor-section-boxed elementor-section-height-default elementor-section-height-default\" data-id=\"671a739\" data-element_type=\"section\" data-e-type=\"section\">\n\t\t\t\t\t\t<div class=\"elementor-container elementor-column-gap-default\">\n\t\t\t\t\t<div class=\"elementor-column elementor-col-100 elementor-top-column elementor-element elementor-element-082e990\" data-id=\"082e990\" data-element_type=\"column\" data-e-type=\"column\">\n\t\t\t<div class=\"elementor-widget-wrap elementor-element-populated\">\n\t\t\t\t\t\t<div class=\"elementor-element elementor-element-47e22ff elementor-align-center elementor-widget elementor-widget-button\" data-id=\"47e22ff\" data-element_type=\"widget\" data-e-type=\"widget\" data-widget_type=\"button.default\">\n\t\t\t\t<div class=\"elementor-widget-container\">\n\t\t\t\t\t\t\t\t\t<div class=\"elementor-button-wrapper\">\n\t\t\t\t\t<a class=\"elementor-button elementor-button-link elementor-size-sm\" href=\"https:\/\/drive.google.com\/file\/d\/1iIcvrRjV4Fxzk8eryF2jUWVacJyb7vBn\/view\">\n\t\t\t\t\t\t<span class=\"elementor-button-content-wrapper\">\n\t\t\t\t\t\t\t\t\t<span class=\"elementor-button-text\">Descargar<\/span>\n\t\t\t\t\t<\/span>\n\t\t\t\t\t<\/a>\n\t\t\t\t<\/div>\n\t\t\t\t\t\t\t\t<\/div>\n\t\t\t\t<\/div>\n\t\t\t\t\t<\/div>\n\t\t<\/div>\n\t\t\t\t\t<\/div>\n\t\t<\/section>\n\t\t\t\t<\/div>\n\t\t","protected":false},"excerpt":{"rendered":"<p>Rendici\u00f3n de cuentas Informe de Rendici\u00f3n de Cuentas 2019 Descargar Informe de Rendici\u00f3n de Cuentas 2018 Descargar Informe de Rendici\u00f3n de Cuentas 2017 Descargar Anexo 1- Relaci\u00f3n de activos Descargar Anexo 2- Detalle de Inventario de Procesos Judiciales Descargar Anexo 3- Detalle de Notificaci\u00f3n De Acreencias Oportunas Diferentes A Salud Descargar Anexo 4- Recepci\u00f3n Recursos [&hellip;]<\/p>\n","protected":false},"author":4,"featured_media":0,"parent":0,"menu_order":0,"comment_status":"closed","ping_status":"closed","template":"","meta":{"site-sidebar-layout":"no-sidebar","site-content-layout":"page-builder","ast-site-content-layout":"default","site-content-style":"default","site-sidebar-style":"default","ast-global-header-display":"","ast-banner-title-visibility":"","ast-main-header-display":"","ast-hfb-above-header-display":"","ast-hfb-below-header-display":"","ast-hfb-mobile-header-display":"","site-post-title":"disabled","ast-breadcrumbs-content":"","ast-featured-img":"disabled","footer-sml-layout":"","ast-disable-related-posts":"","theme-transparent-header-meta":"","adv-header-id-meta":"","stick-header-meta":"","header-above-stick-meta":"","header-main-stick-meta":"","header-below-stick-meta":"","astra-migrate-meta-layouts":"default","ast-page-background-enabled":"default","ast-page-background-meta":{"desktop":{"background-color":"var(--ast-global-color-4)","background-image":"","background-repeat":"repeat","background-position":"center center","background-size":"auto","background-attachment":"scroll","background-type":"","background-media":"","overlay-type":"","overlay-color":"","overlay-opacity":"","overlay-gradient":""},"tablet":{"background-color":"","background-image":"","background-repeat":"repeat","background-position":"center center","background-size":"auto","background-attachment":"scroll","background-type":"","background-media":"","overlay-type":"","overlay-color":"","overlay-opacity":"","overlay-gradient":""},"mobile":{"background-color":"","background-image":"","background-repeat":"repeat","background-position":"center center","background-size":"auto","background-attachment":"scroll","background-type":"","background-media":"","overlay-type":"","overlay-color":"","overlay-opacity":"","overlay-gradient":""}},"ast-content-background-meta":{"desktop":{"background-color":"var(--ast-global-color-5)","background-image":"","background-repeat":"repeat","background-position":"center center","background-size":"auto","background-attachment":"scroll","background-type":"","background-media":"","overlay-type":"","overlay-color":"","overlay-opacity":"","overlay-gradient":""},"tablet":{"background-color":"var(--ast-global-color-5)","background-image":"","background-repeat":"repeat","background-position":"center center","background-size":"auto","background-attachment":"scroll","background-type":"","background-media":"","overlay-type":"","overlay-color":"","overlay-opacity":"","overlay-gradient":""},"mobile":{"background-color":"var(--ast-global-color-5)","background-image":"","background-repeat":"repeat","background-position":"center center","background-size":"auto","background-attachment":"scroll","background-type":"","background-media":"","overlay-type":"","overlay-color":"","overlay-opacity":"","overlay-gradient":""}},"footnotes":""},"class_list":["post-6447","page","type-page","status-publish","hentry"],"yoast_head":"<!-- This site is optimized with the Yoast SEO plugin v27.5 - https:\/\/yoast.com\/product\/yoast-seo-wordpress\/ -->\n<title>Rendici\u00f3n de cuentas EPS - Comfacor<\/title>\n<meta name=\"robots\" content=\"index, follow, max-snippet:-1, max-image-preview:large, max-video-preview:-1\" \/>\n<link rel=\"canonical\" href=\"https:\/\/comfacor.com.co\/newweb\/rendicion-de-cuentas-eps\/\" \/>\n<meta property=\"og:locale\" content=\"es_ES\" \/>\n<meta property=\"og:type\" content=\"article\" \/>\n<meta property=\"og:title\" content=\"Rendici\u00f3n de cuentas EPS - Comfacor\" \/>\n<meta property=\"og:description\" content=\"Rendici\u00f3n de cuentas Informe de Rendici\u00f3n de Cuentas 2019 Descargar Informe de Rendici\u00f3n de Cuentas 2018 Descargar Informe de Rendici\u00f3n de Cuentas 2017 Descargar Anexo 1- Relaci\u00f3n de activos Descargar Anexo 2- Detalle de Inventario de Procesos Judiciales Descargar Anexo 3- Detalle de Notificaci\u00f3n De Acreencias Oportunas Diferentes A Salud Descargar Anexo 4- Recepci\u00f3n Recursos [&hellip;]\" \/>\n<meta property=\"og:url\" content=\"https:\/\/comfacor.com.co\/newweb\/rendicion-de-cuentas-eps\/\" \/>\n<meta property=\"og:site_name\" content=\"Comfacor\" \/>\n<meta property=\"article:publisher\" content=\"https:\/\/www.facebook.com\/comfacoroficial\" \/>\n<meta property=\"article:modified_time\" content=\"2022-11-07T21:09:21+00:00\" \/>\n<meta name=\"twitter:card\" content=\"summary_large_image\" \/>\n<meta name=\"twitter:site\" content=\"@comfacoroficial\" \/>\n<meta name=\"twitter:label1\" content=\"Tiempo de lectura\" \/>\n\t<meta name=\"twitter:data1\" content=\"1 minuto\" \/>\n<script type=\"application\/ld+json\" class=\"yoast-schema-graph\">{\"@context\":\"https:\\\/\\\/schema.org\",\"@graph\":[{\"@type\":\"WebPage\",\"@id\":\"https:\\\/\\\/comfacor.com.co\\\/newweb\\\/rendicion-de-cuentas-eps\\\/\",\"url\":\"https:\\\/\\\/comfacor.com.co\\\/newweb\\\/rendicion-de-cuentas-eps\\\/\",\"name\":\"Rendici\u00f3n de cuentas EPS - Comfacor\",\"isPartOf\":{\"@id\":\"https:\\\/\\\/comfacor.com.co\\\/newweb\\\/#website\"},\"datePublished\":\"2022-11-07T20:58:40+00:00\",\"dateModified\":\"2022-11-07T21:09:21+00:00\",\"inLanguage\":\"es-CO\",\"potentialAction\":[{\"@type\":\"ReadAction\",\"target\":[\"https:\\\/\\\/comfacor.com.co\\\/newweb\\\/rendicion-de-cuentas-eps\\\/\"]}]},{\"@type\":\"WebSite\",\"@id\":\"https:\\\/\\\/comfacor.com.co\\\/newweb\\\/#website\",\"url\":\"https:\\\/\\\/comfacor.com.co\\\/newweb\\\/\",\"name\":\"Comfacor\",\"description\":\"Caja de Compensaci\u00f3n de C\u00f3rdoba\",\"publisher\":{\"@id\":\"https:\\\/\\\/comfacor.com.co\\\/newweb\\\/#organization\"},\"potentialAction\":[{\"@type\":\"SearchAction\",\"target\":{\"@type\":\"EntryPoint\",\"urlTemplate\":\"https:\\\/\\\/comfacor.com.co\\\/newweb\\\/?s={search_term_string}\"},\"query-input\":{\"@type\":\"PropertyValueSpecification\",\"valueRequired\":true,\"valueName\":\"search_term_string\"}}],\"inLanguage\":\"es-CO\"},{\"@type\":\"Organization\",\"@id\":\"https:\\\/\\\/comfacor.com.co\\\/newweb\\\/#organization\",\"name\":\"Comfacor\",\"url\":\"https:\\\/\\\/comfacor.com.co\\\/newweb\\\/\",\"logo\":{\"@type\":\"ImageObject\",\"inLanguage\":\"es-CO\",\"@id\":\"https:\\\/\\\/comfacor.com.co\\\/newweb\\\/#\\\/schema\\\/logo\\\/image\\\/\",\"url\":\"https:\\\/\\\/comfacor.com.co\\\/newweb\\\/wp-content\\\/uploads\\\/2022\\\/07\\\/MANUAL-CORPORATIVO-COMFACOR.png\",\"contentUrl\":\"https:\\\/\\\/comfacor.com.co\\\/newweb\\\/wp-content\\\/uploads\\\/2022\\\/07\\\/MANUAL-CORPORATIVO-COMFACOR.png\",\"width\":160,\"height\":100,\"caption\":\"Comfacor\"},\"image\":{\"@id\":\"https:\\\/\\\/comfacor.com.co\\\/newweb\\\/#\\\/schema\\\/logo\\\/image\\\/\"},\"sameAs\":[\"https:\\\/\\\/www.facebook.com\\\/comfacoroficial\",\"https:\\\/\\\/x.com\\\/comfacoroficial\",\"https:\\\/\\\/www.instagram.com\\\/comfacoroficial\\\/\"]}]}<\/script>\n<!-- \/ Yoast SEO plugin. -->","yoast_head_json":{"title":"Rendici\u00f3n de cuentas EPS - Comfacor","robots":{"index":"index","follow":"follow","max-snippet":"max-snippet:-1","max-image-preview":"max-image-preview:large","max-video-preview":"max-video-preview:-1"},"canonical":"https:\/\/comfacor.com.co\/newweb\/rendicion-de-cuentas-eps\/","og_locale":"es_ES","og_type":"article","og_title":"Rendici\u00f3n de cuentas EPS - Comfacor","og_description":"Rendici\u00f3n de cuentas Informe de Rendici\u00f3n de Cuentas 2019 Descargar Informe de Rendici\u00f3n de Cuentas 2018 Descargar Informe de Rendici\u00f3n de Cuentas 2017 Descargar Anexo 1- Relaci\u00f3n de activos Descargar Anexo 2- Detalle de Inventario de Procesos Judiciales Descargar Anexo 3- Detalle de Notificaci\u00f3n De Acreencias Oportunas Diferentes A Salud Descargar Anexo 4- Recepci\u00f3n Recursos [&hellip;]","og_url":"https:\/\/comfacor.com.co\/newweb\/rendicion-de-cuentas-eps\/","og_site_name":"Comfacor","article_publisher":"https:\/\/www.facebook.com\/comfacoroficial","article_modified_time":"2022-11-07T21:09:21+00:00","twitter_card":"summary_large_image","twitter_site":"@comfacoroficial","twitter_misc":{"Tiempo de lectura":"1 minuto"},"schema":{"@context":"https:\/\/schema.org","@graph":[{"@type":"WebPage","@id":"https:\/\/comfacor.com.co\/newweb\/rendicion-de-cuentas-eps\/","url":"https:\/\/comfacor.com.co\/newweb\/rendicion-de-cuentas-eps\/","name":"Rendici\u00f3n de cuentas EPS - Comfacor","isPartOf":{"@id":"https:\/\/comfacor.com.co\/newweb\/#website"},"datePublished":"2022-11-07T20:58:40+00:00","dateModified":"2022-11-07T21:09:21+00:00","inLanguage":"es-CO","potentialAction":[{"@type":"ReadAction","target":["https:\/\/comfacor.com.co\/newweb\/rendicion-de-cuentas-eps\/"]}]},{"@type":"WebSite","@id":"https:\/\/comfacor.com.co\/newweb\/#website","url":"https:\/\/comfacor.com.co\/newweb\/","name":"Comfacor","description":"Caja de Compensaci\u00f3n de C\u00f3rdoba","publisher":{"@id":"https:\/\/comfacor.com.co\/newweb\/#organization"},"potentialAction":[{"@type":"SearchAction","target":{"@type":"EntryPoint","urlTemplate":"https:\/\/comfacor.com.co\/newweb\/?s={search_term_string}"},"query-input":{"@type":"PropertyValueSpecification","valueRequired":true,"valueName":"search_term_string"}}],"inLanguage":"es-CO"},{"@type":"Organization","@id":"https:\/\/comfacor.com.co\/newweb\/#organization","name":"Comfacor","url":"https:\/\/comfacor.com.co\/newweb\/","logo":{"@type":"ImageObject","inLanguage":"es-CO","@id":"https:\/\/comfacor.com.co\/newweb\/#\/schema\/logo\/image\/","url":"https:\/\/comfacor.com.co\/newweb\/wp-content\/uploads\/2022\/07\/MANUAL-CORPORATIVO-COMFACOR.png","contentUrl":"https:\/\/comfacor.com.co\/newweb\/wp-content\/uploads\/2022\/07\/MANUAL-CORPORATIVO-COMFACOR.png","width":160,"height":100,"caption":"Comfacor"},"image":{"@id":"https:\/\/comfacor.com.co\/newweb\/#\/schema\/logo\/image\/"},"sameAs":["https:\/\/www.facebook.com\/comfacoroficial","https:\/\/x.com\/comfacoroficial","https:\/\/www.instagram.com\/comfacoroficial\/"]}]}},"_links":{"self":[{"href":"https:\/\/comfacor.com.co\/newweb\/wp-json\/wp\/v2\/pages\/6447","targetHints":{"allow":["GET"]}}],"collection":[{"href":"https:\/\/comfacor.com.co\/newweb\/wp-json\/wp\/v2\/pages"}],"about":[{"href":"https:\/\/comfacor.com.co\/newweb\/wp-json\/wp\/v2\/types\/page"}],"author":[{"embeddable":true,"href":"https:\/\/comfacor.com.co\/newweb\/wp-json\/wp\/v2\/users\/4"}],"replies":[{"embeddable":true,"href":"https:\/\/comfacor.com.co\/newweb\/wp-json\/wp\/v2\/comments?post=6447"}],"version-history":[{"count":31,"href":"https:\/\/comfacor.com.co\/newweb\/wp-json\/wp\/v2\/pages\/6447\/revisions"}],"predecessor-version":[{"id":6479,"href":"https:\/\/comfacor.com.co\/newweb\/wp-json\/wp\/v2\/pages\/6447\/revisions\/6479"}],"wp:attachment":[{"href":"https:\/\/comfacor.com.co\/newweb\/wp-json\/wp\/v2\/media?parent=6447"}],"curies":[{"name":"wp","href":"https:\/\/api.w.org\/{rel}","templated":true}]}}