{"id":48141,"date":"2026-04-30T15:30:50","date_gmt":"2026-04-30T20:30:50","guid":{"rendered":"https:\/\/comfacor.com.co\/newweb\/?page_id=48141"},"modified":"2026-05-05T08:30:59","modified_gmt":"2026-05-05T13:30:59","slug":"pqrsf","status":"publish","type":"page","link":"https:\/\/comfacor.com.co\/newweb\/pqrsf\/","title":{"rendered":"pqrsf"},"content":{"rendered":"\t\t<div data-elementor-type=\"wp-page\" data-elementor-id=\"48141\" class=\"elementor elementor-48141\" data-elementor-post-type=\"page\">\n\t\t\t\t<div class=\"elementor-element elementor-element-725e5e5 e-con-full e-flex e-con e-parent\" data-id=\"725e5e5\" data-element_type=\"container\" data-e-type=\"container\">\n\t\t<div class=\"elementor-element elementor-element-0eb2a8c e-con-full e-flex e-con e-child\" data-id=\"0eb2a8c\" data-element_type=\"container\" data-e-type=\"container\">\n\t\t\t\t<div class=\"elementor-element elementor-element-3bb5bf5 elementor-widget elementor-widget-heading\" data-id=\"3bb5bf5\" data-element_type=\"widget\" data-e-type=\"widget\" data-widget_type=\"heading.default\">\n\t\t\t\t<div class=\"elementor-widget-container\">\n\t\t\t\t\t<h1 class=\"elementor-heading-title elementor-size-default\">Formulario de Registro<\/h1>\t\t\t\t<\/div>\n\t\t\t\t<\/div>\n\t\t\t\t<div class=\"elementor-element elementor-element-c8d0044 elementor-widget elementor-widget-text-editor\" data-id=\"c8d0044\" data-element_type=\"widget\" data-e-type=\"widget\" data-widget_type=\"text-editor.default\">\n\t\t\t\t<div class=\"elementor-widget-container\">\n\t\t\t\t\t\t\t\t\t<p>Por favor tenga en cuenta que los campos con\u00a0(*)\u00a0son obligatorios. Recuerde que si brinda mayor informaci\u00f3n facilitar\u00e1 la labor para el proceso de su solicitud<\/p>\t\t\t\t\t\t\t\t<\/div>\n\t\t\t\t<\/div>\n\t\t\t\t<div class=\"elementor-element elementor-element-1aa2cb8 elementor-widget elementor-widget-html\" data-id=\"1aa2cb8\" data-element_type=\"widget\" data-e-type=\"widget\" data-widget_type=\"html.default\">\n\t\t\t\t<div class=\"elementor-widget-container\">\n\t\t\t\t\t<form id=\"sagicc-form-captcha\" enctype=\"multipart\/form-data\">\r\n\r\n  <input type=\"hidden\" id=\"sagicc_token\" name=\"sagicc_token\" value=\"a4869c97c7112720202439043ba3ab9a\">\r\n\r\n  <div class=\"form-flex\">\r\n\r\n    <div>\r\n      <label for=\"nombre\"><span>*<\/span> Nombres \/ Raz\u00f3n social:<\/label>\r\n      <input type=\"text\" id=\"nombre\" name=\"nombre\" required>\r\n    <\/div>\r\n\r\n    <div>\r\n      <label for=\"apellido\"><span>*<\/span> Apellidos \/ Representante legal:<\/label>\r\n      <input type=\"text\" id=\"apellido\" name=\"apellido\" required>\r\n    <\/div>\r\n\r\n    <div>\r\n      <label for=\"tipo_documento_id\"><span>*<\/span> Tipo de identificaci\u00f3n<\/label>\r\n      <select id=\"tipo_documento_id\" required>\r\n        <option value=\"\">Seleccione tipo<\/option>\r\n        <option value=\"cc\">C.C<\/option>\r\n        <option value=\"nit\">NIT<\/option>\r\n      <\/select>\r\n    <\/div>\r\n\r\n    <div>\r\n      <label for=\"identificacion\"><span>*<\/span> Identificaci\u00f3n:<\/label>\r\n      <input type=\"number\" id=\"identificacion\" name=\"identificacion\" required>\r\n    <\/div>\r\n\r\n    <div>\r\n      <label for=\"email\"><span>*<\/span> Correo electr\u00f3nico:<\/label>\r\n      <input type=\"email\" id=\"email\" name=\"email\" required>\r\n    <\/div>\r\n\r\n    <div>\r\n      <label for=\"departamento\">Departamento<\/label>\r\n      <select id=\"departamento\" name=\"departamento\">\r\n        <option value=\"\">Seleccione un departamento<\/option>\r\n        <option value=\"Antioquia\">Antioquia<\/option>\r\n        <option value=\"Arauca\">Arauca<\/option>\r\n        <option value=\"Atl\u00e1ntico\">Atl\u00e1ntico<\/option>\r\n        <option value=\"Bol\u00edvar\">Bol\u00edvar<\/option>\r\n        <option value=\"Boyac\u00e1\">Boyac\u00e1<\/option>\r\n        <option value=\"Caldas\">Caldas<\/option>\r\n        <option value=\"Caquet\u00e1\">Caquet\u00e1<\/option>\r\n        <option value=\"Casanare\">Casanare<\/option>\r\n        <option value=\"Cauca\">Cauca<\/option>\r\n        <option value=\"Cesar\">Cesar<\/option>\r\n        <option value=\"Choc\u00f3\">Choc\u00f3<\/option>\r\n        <option value=\"C\u00f3rdoba\">C\u00f3rdoba<\/option>\r\n        <option value=\"Cundinamarca\">Cundinamarca<\/option>\r\n        <option value=\"Guain\u00eda\">Guain\u00eda<\/option>\r\n        <option value=\"Guaviare\">Guaviare<\/option>\r\n        <option value=\"Huila\">Huila<\/option>\r\n        <option value=\"La Guajira\">La Guajira<\/option>\r\n        <option value=\"Magdalena\">Magdalena<\/option>\r\n        <option value=\"Meta\">Meta<\/option>\r\n        <option value=\"Nari\u00f1o\">Nari\u00f1o<\/option>\r\n        <option value=\"Norte de Santander\">Norte de Santander<\/option>\r\n        <option value=\"Putumayo\">Putumayo<\/option>\r\n        <option value=\"Quind\u00edo\">Quind\u00edo<\/option>\r\n        <option value=\"Risaralda\">Risaralda<\/option>\r\n        <option value=\"San Andr\u00e9s y Providencia\">San Andr\u00e9s y Providencia<\/option>\r\n        <option value=\"Santander\">Santander<\/option>\r\n        <option value=\"Sucre\">Sucre<\/option>\r\n        <option value=\"Tolima\">Tolima<\/option>\r\n        <option value=\"Valle del Cauca\">Valle del Cauca<\/option>\r\n        <option value=\"Vaup\u00e9s\">Vaup\u00e9s<\/option>\r\n        <option value=\"Vichada\">Vichada<\/option>\r\n      <\/select>\r\n    <\/div>\r\n\r\n    <div>\r\n      <label for=\"ciudad\">Ciudad:<\/label>\r\n      <select id=\"ciudad\" name=\"ciudad\" disabled>\r\n          <option value=\"\">Seleccione una ciudad<\/option>\r\n        <\/select>\r\n    <\/div>\r\n\r\n    <div>\r\n      <label for=\"telefono\">Tel\u00e9fono celular:<\/label>\r\n      <input type=\"number\" id=\"telefono\" name=\"telefono\">\r\n    <\/div>\r\n\r\n    <div>\r\n      <label for=\"direccion\">Direcci\u00f3n:<\/label>\r\n      <input type=\"text\" id=\"direccion\" name=\"direccion\">\r\n    <\/div>\r\n\r\n    <div>\r\n      <label for=\"barrio\">Barrio, vereda o corregimiento:<\/label>\r\n      <input type=\"text\" id=\"barrio\" name=\"barrio\">\r\n    <\/div>\r\n\r\n    <div>\r\n      <label for=\"tipo\"><span>*<\/span> Tipo de solicitud<\/label>\r\n      <select id=\"tipo\" required>\r\n        <option value=\"\">Seleccione tipo<\/option>\r\n        <option value=\"CONSULTAS\">Consultas<\/option>\r\n        <option value=\"DERECHOS DE PETICION\">Derechos de petici\u00f3n<\/option>\r\n        <option value=\"PETICIONES O SOLICITUDES\">Peticiones o solicitudes<\/option>\r\n        <option value=\"QUEJAS Y RECLAMOS\">Quejas y reclamos<\/option>\r\n        <option value=\"SUGERENCIAS\">Sugerencias<\/option>\r\n      <\/select>\r\n    <\/div>\r\n\r\n    <div class=\"full-width\">\r\n      <label for=\"mensaje\"><span>*<\/span> Descripci\u00f3n:<\/label>\r\n      <textarea id=\"mensaje\" name=\"mensaje\" rows=\"4\" required><\/textarea>\r\n    <\/div>\r\n\r\n     <div class=\"full-width\">\r\n    \r\n      <label for=\"files\">Adjuntar archivos:<\/label>\r\n    \r\n      <div style=\"\r\n          border:1px solid #e5e7eb;\r\n          border-radius:10px;\r\n          padding:15px;\r\n          background:#f9fafb;\r\n          color:#374151;\r\n          font-size:13px;\r\n      \">\r\n    \r\n        <div style=\"margin-bottom:10px;\">\r\n          Puedes adjuntar m\u00e1ximo <strong>2 archivos PDF<\/strong> (hasta 2 MB cada uno).\r\n        <\/div>\r\n    \r\n        <div style=\"margin-bottom:10px;\">\r\n          Si vas a subir 2 archivos, selecci\u00f3nalos <strong>al mismo tiempo<\/strong> antes de hacer clic en \u201cEnviar\u201d.\r\n        <\/div>\r\n    \r\n        <input \r\n          type=\"file\" \r\n          id=\"files\" \r\n          name=\"files[]\" \r\n          accept=\"application\/pdf\" \r\n          multiple \r\n          style=\"\r\n            display:block;\r\n            width:100%;\r\n            padding:10px;\r\n            border-radius:8px;\r\n            border:1px dashed #d1d5db;\r\n            background:#fff;\r\n            cursor:pointer;\r\n          \"\r\n        >\r\n    \r\n        <small style=\"display:block; margin-top:8px; color:#6b7280;\">\r\n          Tip: mant\u00e9n presionada la tecla Ctrl para seleccionar varios archivos.\r\n        <\/small>\r\n    \r\n      <\/div>\r\n    \r\n    <\/div>\r\n\r\n    <!-- CAPTCHA -->\r\n    <div class=\"full-width captcha\">\r\n\r\n      <p id=\"sagicc-status\"><\/p>\r\n\r\n      <div class=\"captcha-row\">\r\n        <input type=\"text\" id=\"sagicc-text-captcha\" readonly>\r\n        <button type=\"button\" id=\"sagicc-btn-generate\">Refresh<\/button>\r\n      <\/div>\r\n\r\n      <small><b>Ingresa los caracteres de la imagen<\/b><\/small>\r\n      <input type=\"text\" id=\"sagicc-int-captcha\" required placeholder=\"Ingresa el captcha...\">\r\n\r\n    <\/div>\r\n\r\n    <!-- CHECKBOX -->\r\n    <div class=\"full-width checkbox\">\r\n  <input type=\"checkbox\" id=\"autorizacion\" name=\"autorizacion\" required>\r\n  <label for=\"autorizacion\">\r\n    <span>*<\/span> Autorizo a la Caja de Compensaci\u00f3n Familiar de C\u00f3rdoba para tratar mis datos personales con el fin de comunicarme cualquier situaci\u00f3n o evento relacionado con mi solicitud; en cumplimiento de la Ley 1581 de 2012 y el Decreto 1377 de 2013 de la Rep\u00fablica de Colombia.\r\n- Autorizo expresamente a que la respuesta a esta petici\u00f3n sea enviada a la direcci\u00f3n de correo electr\u00f3nico registrada, de conformidad con lo estipulado en el art\u00edculo 10 de la ley 2080 de 2021\r\n  <\/label>\r\n<\/div>\r\n\r\n  <\/div>\r\n  <div>\r\n      <div id=\"form-mensajes\"><\/div>\r\n  <\/div>\r\n\r\n  <button type=\"submit\" class=\"btn-submit\">Enviar<\/button>\r\n\r\n<\/form>\t\t\t\t<\/div>\n\t\t\t\t<\/div>\n\t\t\t\t<\/div>\n\t\t<div class=\"elementor-element elementor-element-43f1ab8 e-con-full e-flex e-con e-child\" data-id=\"43f1ab8\" data-element_type=\"container\" data-e-type=\"container\">\n\t\t<div class=\"elementor-element elementor-element-2c80f6b e-con-full e-flex e-con e-child\" data-id=\"2c80f6b\" data-element_type=\"container\" data-e-type=\"container\" data-settings=\"{&quot;background_background&quot;:&quot;classic&quot;}\">\n\t\t\t\t<div class=\"elementor-element elementor-element-17341a4 elementor-widget elementor-widget-text-editor\" data-id=\"17341a4\" data-element_type=\"widget\" data-e-type=\"widget\" data-widget_type=\"text-editor.default\">\n\t\t\t\t<div class=\"elementor-widget-container\">\n\t\t\t\t\t\t\t\t\t<p><strong>Estimado Usuario<\/strong>, si lo que desea es interponer una\u00a0<strong>DENUNCIA<\/strong>, tenga en cuenta que esta debe ser una manifestaci\u00f3n de protesta, censura, descontento o inconformidad con una conducta que considera irregular por tratarse de actos de fraude, corrupci\u00f3n o falta a la \u00e9tica, de uno o varios colaboradores de la\u00a0<strong>CAJA<\/strong>\u00a0en desarrollo de sus funciones, esta debe ser remitida al correo:<br \/><br \/><strong>denuncias@comfacor.com.co<\/strong><\/p><p><strong>Requisitos de la denuncia:<\/strong><\/p><ol><li>Descripci\u00f3n de hechos espec\u00edficos desarrollados de forma precisa, ordenada y coherente, con argumentos l\u00f3gicos que indiquen la comisi\u00f3n de una presunta irregularidad, fraude, corrupci\u00f3n o falta a la \u00e9tica.<\/li><li>Adjuntar informaci\u00f3n o documentaci\u00f3n que constituyan pruebas que evidencien los hechos descritos.<\/li><li>No deben versar sobre hechos relacionados con intereses particulares o personales.<\/li><li>La presunta irregularidad debe suceder al interior de\u00a0<strong>COMFACOR<\/strong>\u00a0o con relaci\u00f3n a esta entidad.<\/li><li>Los hechos denunciados no deben ser objeto de otra denuncia.<\/li><li>Los hechos denunciados no deben ser objeto de otra denuncia.<\/li><\/ol>\t\t\t\t\t\t\t\t<\/div>\n\t\t\t\t<\/div>\n\t\t\t\t<\/div>\n\t\t\t\t<\/div>\n\t\t\t\t<\/div>\n\t\t\t\t<\/div>\n\t\t","protected":false},"excerpt":{"rendered":"<p>Formulario de Registro Por favor tenga en cuenta que los campos con\u00a0(*)\u00a0son obligatorios. Recuerde que si brinda mayor informaci\u00f3n facilitar\u00e1 la labor para el proceso de su solicitud * Nombres \/ Raz\u00f3n social: * Apellidos \/ Representante legal: * Tipo de identificaci\u00f3n Seleccione tipoC.CNIT * Identificaci\u00f3n: * Correo electr\u00f3nico: Departamento Seleccione un departamentoAntioquiaAraucaAtl\u00e1nticoBol\u00edvarBoyac\u00e1CaldasCaquet\u00e1CasanareCaucaCesarChoc\u00f3C\u00f3rdobaCundinamarcaGuain\u00edaGuaviareHuilaLa GuajiraMagdalenaMetaNari\u00f1oNorte de [&hellip;]<\/p>\n","protected":false},"author":4,"featured_media":0,"parent":0,"menu_order":0,"comment_status":"closed","ping_status":"closed","template":"","meta":{"site-sidebar-layout":"no-sidebar","site-content-layout":"page-builder","ast-site-content-layout":"full-width-container","site-content-style":"default","site-sidebar-style":"default","ast-global-header-display":"","ast-banner-title-visibility":"","ast-main-header-display":"","ast-hfb-above-header-display":"","ast-hfb-below-header-display":"","ast-hfb-mobile-header-display":"","site-post-title":"disabled","ast-breadcrumbs-content":"","ast-featured-img":"disabled","footer-sml-layout":"","ast-disable-related-posts":"","theme-transparent-header-meta":"","adv-header-id-meta":"","stick-header-meta":"","header-above-stick-meta":"","header-main-stick-meta":"","header-below-stick-meta":"","astra-migrate-meta-layouts":"set","ast-page-background-enabled":"default","ast-page-background-meta":{"desktop":{"background-color":"var(--ast-global-color-4)","background-image":"","background-repeat":"repeat","background-position":"center center","background-size":"auto","background-attachment":"scroll","background-type":"","background-media":"","overlay-type":"","overlay-color":"","overlay-opacity":"","overlay-gradient":""},"tablet":{"background-color":"","background-image":"","background-repeat":"repeat","background-position":"center center","background-size":"auto","background-attachment":"scroll","background-type":"","background-media":"","overlay-type":"","overlay-color":"","overlay-opacity":"","overlay-gradient":""},"mobile":{"background-color":"","background-image":"","background-repeat":"repeat","background-position":"center center","background-size":"auto","background-attachment":"scroll","background-type":"","background-media":"","overlay-type":"","overlay-color":"","overlay-opacity":"","overlay-gradient":""}},"ast-content-background-meta":{"desktop":{"background-color":"var(--ast-global-color-5)","background-image":"","background-repeat":"repeat","background-position":"center center","background-size":"auto","background-attachment":"scroll","background-type":"","background-media":"","overlay-type":"","overlay-color":"","overlay-opacity":"","overlay-gradient":""},"tablet":{"background-color":"var(--ast-global-color-5)","background-image":"","background-repeat":"repeat","background-position":"center center","background-size":"auto","background-attachment":"scroll","background-type":"","background-media":"","overlay-type":"","overlay-color":"","overlay-opacity":"","overlay-gradient":""},"mobile":{"background-color":"var(--ast-global-color-5)","background-image":"","background-repeat":"repeat","background-position":"center center","background-size":"auto","background-attachment":"scroll","background-type":"","background-media":"","overlay-type":"","overlay-color":"","overlay-opacity":"","overlay-gradient":""}},"footnotes":""},"class_list":["post-48141","page","type-page","status-publish","hentry"],"yoast_head":"<!-- This site is optimized with the Yoast SEO plugin v27.5 - https:\/\/yoast.com\/product\/yoast-seo-wordpress\/ -->\n<title>pqrsf - Comfacor<\/title>\n<meta name=\"robots\" content=\"index, follow, max-snippet:-1, max-image-preview:large, max-video-preview:-1\" \/>\n<link rel=\"canonical\" href=\"https:\/\/comfacor.com.co\/newweb\/pqrsf\/\" \/>\n<meta property=\"og:locale\" content=\"es_ES\" \/>\n<meta property=\"og:type\" content=\"article\" \/>\n<meta property=\"og:title\" content=\"pqrsf - Comfacor\" \/>\n<meta property=\"og:description\" content=\"Formulario de Registro Por favor tenga en cuenta que los campos con\u00a0(*)\u00a0son obligatorios. Recuerde que si brinda mayor informaci\u00f3n facilitar\u00e1 la labor para el proceso de su solicitud * Nombres \/ Raz\u00f3n social: * Apellidos \/ Representante legal: * Tipo de identificaci\u00f3n Seleccione tipoC.CNIT * Identificaci\u00f3n: * Correo electr\u00f3nico: Departamento Seleccione un departamentoAntioquiaAraucaAtl\u00e1nticoBol\u00edvarBoyac\u00e1CaldasCaquet\u00e1CasanareCaucaCesarChoc\u00f3C\u00f3rdobaCundinamarcaGuain\u00edaGuaviareHuilaLa GuajiraMagdalenaMetaNari\u00f1oNorte de [&hellip;]\" \/>\n<meta property=\"og:url\" content=\"https:\/\/comfacor.com.co\/newweb\/pqrsf\/\" \/>\n<meta property=\"og:site_name\" content=\"Comfacor\" \/>\n<meta property=\"article:publisher\" content=\"https:\/\/www.facebook.com\/comfacoroficial\" \/>\n<meta property=\"article:modified_time\" content=\"2026-05-05T13:30:59+00:00\" \/>\n<meta name=\"twitter:card\" content=\"summary_large_image\" \/>\n<meta name=\"twitter:site\" content=\"@comfacoroficial\" \/>\n<meta name=\"twitter:label1\" content=\"Tiempo de lectura\" \/>\n\t<meta name=\"twitter:data1\" content=\"2 minutos\" \/>\n<script type=\"application\/ld+json\" class=\"yoast-schema-graph\">{\"@context\":\"https:\\\/\\\/schema.org\",\"@graph\":[{\"@type\":\"WebPage\",\"@id\":\"https:\\\/\\\/comfacor.com.co\\\/newweb\\\/pqrsf\\\/\",\"url\":\"https:\\\/\\\/comfacor.com.co\\\/newweb\\\/pqrsf\\\/\",\"name\":\"pqrsf - Comfacor\",\"isPartOf\":{\"@id\":\"https:\\\/\\\/comfacor.com.co\\\/newweb\\\/#website\"},\"datePublished\":\"2026-04-30T20:30:50+00:00\",\"dateModified\":\"2026-05-05T13:30:59+00:00\",\"inLanguage\":\"es-CO\",\"potentialAction\":[{\"@type\":\"ReadAction\",\"target\":[\"https:\\\/\\\/comfacor.com.co\\\/newweb\\\/pqrsf\\\/\"]}]},{\"@type\":\"WebSite\",\"@id\":\"https:\\\/\\\/comfacor.com.co\\\/newweb\\\/#website\",\"url\":\"https:\\\/\\\/comfacor.com.co\\\/newweb\\\/\",\"name\":\"Comfacor\",\"description\":\"Caja de Compensaci\u00f3n de C\u00f3rdoba\",\"publisher\":{\"@id\":\"https:\\\/\\\/comfacor.com.co\\\/newweb\\\/#organization\"},\"potentialAction\":[{\"@type\":\"SearchAction\",\"target\":{\"@type\":\"EntryPoint\",\"urlTemplate\":\"https:\\\/\\\/comfacor.com.co\\\/newweb\\\/?s={search_term_string}\"},\"query-input\":{\"@type\":\"PropertyValueSpecification\",\"valueRequired\":true,\"valueName\":\"search_term_string\"}}],\"inLanguage\":\"es-CO\"},{\"@type\":\"Organization\",\"@id\":\"https:\\\/\\\/comfacor.com.co\\\/newweb\\\/#organization\",\"name\":\"Comfacor\",\"url\":\"https:\\\/\\\/comfacor.com.co\\\/newweb\\\/\",\"logo\":{\"@type\":\"ImageObject\",\"inLanguage\":\"es-CO\",\"@id\":\"https:\\\/\\\/comfacor.com.co\\\/newweb\\\/#\\\/schema\\\/logo\\\/image\\\/\",\"url\":\"https:\\\/\\\/comfacor.com.co\\\/newweb\\\/wp-content\\\/uploads\\\/2022\\\/07\\\/MANUAL-CORPORATIVO-COMFACOR.png\",\"contentUrl\":\"https:\\\/\\\/comfacor.com.co\\\/newweb\\\/wp-content\\\/uploads\\\/2022\\\/07\\\/MANUAL-CORPORATIVO-COMFACOR.png\",\"width\":160,\"height\":100,\"caption\":\"Comfacor\"},\"image\":{\"@id\":\"https:\\\/\\\/comfacor.com.co\\\/newweb\\\/#\\\/schema\\\/logo\\\/image\\\/\"},\"sameAs\":[\"https:\\\/\\\/www.facebook.com\\\/comfacoroficial\",\"https:\\\/\\\/x.com\\\/comfacoroficial\",\"https:\\\/\\\/www.instagram.com\\\/comfacoroficial\\\/\"]}]}<\/script>\n<!-- \/ Yoast SEO plugin. -->","yoast_head_json":{"title":"pqrsf - Comfacor","robots":{"index":"index","follow":"follow","max-snippet":"max-snippet:-1","max-image-preview":"max-image-preview:large","max-video-preview":"max-video-preview:-1"},"canonical":"https:\/\/comfacor.com.co\/newweb\/pqrsf\/","og_locale":"es_ES","og_type":"article","og_title":"pqrsf - Comfacor","og_description":"Formulario de Registro Por favor tenga en cuenta que los campos con\u00a0(*)\u00a0son obligatorios. Recuerde que si brinda mayor informaci\u00f3n facilitar\u00e1 la labor para el proceso de su solicitud * Nombres \/ Raz\u00f3n social: * Apellidos \/ Representante legal: * Tipo de identificaci\u00f3n Seleccione tipoC.CNIT * Identificaci\u00f3n: * Correo electr\u00f3nico: Departamento Seleccione un departamentoAntioquiaAraucaAtl\u00e1nticoBol\u00edvarBoyac\u00e1CaldasCaquet\u00e1CasanareCaucaCesarChoc\u00f3C\u00f3rdobaCundinamarcaGuain\u00edaGuaviareHuilaLa GuajiraMagdalenaMetaNari\u00f1oNorte de [&hellip;]","og_url":"https:\/\/comfacor.com.co\/newweb\/pqrsf\/","og_site_name":"Comfacor","article_publisher":"https:\/\/www.facebook.com\/comfacoroficial","article_modified_time":"2026-05-05T13:30:59+00:00","twitter_card":"summary_large_image","twitter_site":"@comfacoroficial","twitter_misc":{"Tiempo de lectura":"2 minutos"},"schema":{"@context":"https:\/\/schema.org","@graph":[{"@type":"WebPage","@id":"https:\/\/comfacor.com.co\/newweb\/pqrsf\/","url":"https:\/\/comfacor.com.co\/newweb\/pqrsf\/","name":"pqrsf - Comfacor","isPartOf":{"@id":"https:\/\/comfacor.com.co\/newweb\/#website"},"datePublished":"2026-04-30T20:30:50+00:00","dateModified":"2026-05-05T13:30:59+00:00","inLanguage":"es-CO","potentialAction":[{"@type":"ReadAction","target":["https:\/\/comfacor.com.co\/newweb\/pqrsf\/"]}]},{"@type":"WebSite","@id":"https:\/\/comfacor.com.co\/newweb\/#website","url":"https:\/\/comfacor.com.co\/newweb\/","name":"Comfacor","description":"Caja de Compensaci\u00f3n de C\u00f3rdoba","publisher":{"@id":"https:\/\/comfacor.com.co\/newweb\/#organization"},"potentialAction":[{"@type":"SearchAction","target":{"@type":"EntryPoint","urlTemplate":"https:\/\/comfacor.com.co\/newweb\/?s={search_term_string}"},"query-input":{"@type":"PropertyValueSpecification","valueRequired":true,"valueName":"search_term_string"}}],"inLanguage":"es-CO"},{"@type":"Organization","@id":"https:\/\/comfacor.com.co\/newweb\/#organization","name":"Comfacor","url":"https:\/\/comfacor.com.co\/newweb\/","logo":{"@type":"ImageObject","inLanguage":"es-CO","@id":"https:\/\/comfacor.com.co\/newweb\/#\/schema\/logo\/image\/","url":"https:\/\/comfacor.com.co\/newweb\/wp-content\/uploads\/2022\/07\/MANUAL-CORPORATIVO-COMFACOR.png","contentUrl":"https:\/\/comfacor.com.co\/newweb\/wp-content\/uploads\/2022\/07\/MANUAL-CORPORATIVO-COMFACOR.png","width":160,"height":100,"caption":"Comfacor"},"image":{"@id":"https:\/\/comfacor.com.co\/newweb\/#\/schema\/logo\/image\/"},"sameAs":["https:\/\/www.facebook.com\/comfacoroficial","https:\/\/x.com\/comfacoroficial","https:\/\/www.instagram.com\/comfacoroficial\/"]}]}},"_links":{"self":[{"href":"https:\/\/comfacor.com.co\/newweb\/wp-json\/wp\/v2\/pages\/48141","targetHints":{"allow":["GET"]}}],"collection":[{"href":"https:\/\/comfacor.com.co\/newweb\/wp-json\/wp\/v2\/pages"}],"about":[{"href":"https:\/\/comfacor.com.co\/newweb\/wp-json\/wp\/v2\/types\/page"}],"author":[{"embeddable":true,"href":"https:\/\/comfacor.com.co\/newweb\/wp-json\/wp\/v2\/users\/4"}],"replies":[{"embeddable":true,"href":"https:\/\/comfacor.com.co\/newweb\/wp-json\/wp\/v2\/comments?post=48141"}],"version-history":[{"count":104,"href":"https:\/\/comfacor.com.co\/newweb\/wp-json\/wp\/v2\/pages\/48141\/revisions"}],"predecessor-version":[{"id":48287,"href":"https:\/\/comfacor.com.co\/newweb\/wp-json\/wp\/v2\/pages\/48141\/revisions\/48287"}],"wp:attachment":[{"href":"https:\/\/comfacor.com.co\/newweb\/wp-json\/wp\/v2\/media?parent=48141"}],"curies":[{"name":"wp","href":"https:\/\/api.w.org\/{rel}","templated":true}]}}