{"id":29438,"date":"2024-07-17T14:11:33","date_gmt":"2024-07-17T19:11:33","guid":{"rendered":"https:\/\/comfacor.com.co\/?page_id=29438"},"modified":"2024-07-17T14:14:18","modified_gmt":"2024-07-17T19:14:18","slug":"politica-derechos-autor-sitio-web","status":"publish","type":"page","link":"https:\/\/comfacor.com.co\/newweb\/politica-derechos-autor-sitio-web\/","title":{"rendered":"Pol\u00edtica de derechos de autor del sitio web"},"content":{"rendered":"\t\t<div data-elementor-type=\"wp-page\" data-elementor-id=\"29438\" class=\"elementor elementor-29438\" data-elementor-post-type=\"page\">\n\t\t\t\t\t\t<section class=\"elementor-section elementor-top-section elementor-element elementor-element-f4c0184 elementor-section-boxed elementor-section-height-default elementor-section-height-default\" data-id=\"f4c0184\" data-element_type=\"section\" data-e-type=\"section\">\n\t\t\t\t\t\t<div class=\"elementor-container elementor-column-gap-default\">\n\t\t\t\t\t<div class=\"elementor-column elementor-col-100 elementor-top-column elementor-element elementor-element-5501cee\" data-id=\"5501cee\" data-element_type=\"column\" data-e-type=\"column\">\n\t\t\t<div class=\"elementor-widget-wrap elementor-element-populated\">\n\t\t\t\t\t\t<div class=\"elementor-element elementor-element-7e4306b elementor-widget elementor-widget-text-editor\" data-id=\"7e4306b\" data-element_type=\"widget\" data-e-type=\"widget\" data-widget_type=\"text-editor.default\">\n\t\t\t\t<div class=\"elementor-widget-container\">\n\t\t\t\t\t\t\t\t\t<h2 style=\"text-align: center;\"><strong>Pol\u00edtica de derechos de autor para la pagina web <\/strong><\/h2><h5>La Caja de Compensaci\u00f3n Familiar de C\u00f3rdoba COMFACOR posee la titularidad de todos los derechos relacionados con el software del sitio web y\/o aplicaciones, as\u00ed como los derechos de propiedad industrial e intelectual de los contenidos que se encuentren en ellos. La organizaci\u00f3n reserva todos los derechos de autor, tanto los expl\u00edcitamente mencionados como los no especificados en este documento. Esta protecci\u00f3n se extiende a todos los componentes del sitio web, garantizando la integridad y la originalidad de nuestros recursos digitales.<\/h5><h5>Los contenidos del sitio web (como textos, gr\u00e1ficos, logos, animaciones, sonidos y bases de datos) son propiedad intelectual de COMFACOR o de terceros que han autorizado su uso en el sitio web y\/o aplicaciones, o son informaci\u00f3n p\u00fablica conforme a las leyes de acceso a la informaci\u00f3n p\u00fablica en Colombia, como la Ley 23 de 1982. COMFACOR posee los derechos exclusivos sobre los textos, elementos gr\u00e1ficos, presentaci\u00f3n y montaje del sitio web y\/o aplicaciones, as\u00ed como los derechos de explotaci\u00f3n correspondientes.<\/h5><h5>Algunos materiales de este sitio web pueden estar sujetos a derechos de autor, seg\u00fan se indique en el contenido. Cualquier uso no autorizado, as\u00ed como el incumplimiento de los t\u00e9rminos, condiciones o avisos establecidos, puede constituir una infracci\u00f3n de la normativa nacional aplicable. COMFACOR, en todo caso, verificar\u00e1 las fuentes oficiales de las im\u00e1genes utilizadas o contar\u00e1 con las licencias adecuadas para su uso.<\/h5><h5>Comfacor puede facilitar enlaces o acceso a sitios web y contenidos de terceros, pero no se hace responsable del contenido de dichos sitios, ni los controla, respalda o garantiza. Tampoco asume responsabilidad por el funcionamiento o la disponibilidad de las p\u00e1ginas web vinculadas, ni recomienda su visita. En consecuencia, Comfacor no ser\u00e1 responsable de los resultados obtenidos al acceder a esos sitios, incluidos los cambios o actualizaciones realizados en ellos, ni de la precisi\u00f3n o integridad de la informaci\u00f3n proporcionada en dichos sitios.<\/h5><h5>En consecuencia, los afiliados y usuarios reconocen que COMFACOR no asume responsabilidad por el contenido, enlaces, recursos o servicios asociados a sitios web de terceros, ni por cualquier p\u00e9rdida o da\u00f1o derivado del uso de dichos contenidos de terceros.<\/h5><h5>COMFACOR proporciona estos enlaces por conveniencia, y su presencia en nuestros sitios web no indica aprobaci\u00f3n por parte de COMFACOR ni establecimiento de relaciones contractuales con las organizaciones o compa\u00f1\u00edas enlazadas, sus productos o servicios. Del mismo modo, esta disposici\u00f3n se aplica inversamente a las organizaciones o compa\u00f1\u00edas que enlazan al sitio web y\/o aplicaciones de COMFACOR.<\/h5>\t\t\t\t\t\t\t\t<\/div>\n\t\t\t\t<\/div>\n\t\t\t\t\t<\/div>\n\t\t<\/div>\n\t\t\t\t\t<\/div>\n\t\t<\/section>\n\t\t\t\t<\/div>\n\t\t","protected":false},"excerpt":{"rendered":"<p>Pol\u00edtica de derechos de autor para la pagina web La Caja de Compensaci\u00f3n Familiar de C\u00f3rdoba COMFACOR posee la titularidad de todos los derechos relacionados con el software del sitio web y\/o aplicaciones, as\u00ed como los derechos de propiedad industrial e intelectual de los contenidos que se encuentren en ellos. La organizaci\u00f3n reserva todos los [&hellip;]<\/p>\n","protected":false},"author":4,"featured_media":0,"parent":0,"menu_order":0,"comment_status":"closed","ping_status":"closed","template":"","meta":{"site-sidebar-layout":"no-sidebar","site-content-layout":"page-builder","ast-site-content-layout":"full-width-container","site-content-style":"default","site-sidebar-style":"default","ast-global-header-display":"","ast-banner-title-visibility":"","ast-main-header-display":"","ast-hfb-above-header-display":"","ast-hfb-below-header-display":"","ast-hfb-mobile-header-display":"","site-post-title":"disabled","ast-breadcrumbs-content":"","ast-featured-img":"disabled","footer-sml-layout":"","ast-disable-related-posts":"","theme-transparent-header-meta":"","adv-header-id-meta":"","stick-header-meta":"","header-above-stick-meta":"","header-main-stick-meta":"","header-below-stick-meta":"","astra-migrate-meta-layouts":"set","ast-page-background-enabled":"default","ast-page-background-meta":{"desktop":{"background-color":"var(--ast-global-color-4)","background-image":"","background-repeat":"repeat","background-position":"center center","background-size":"auto","background-attachment":"scroll","background-type":"","background-media":"","overlay-type":"","overlay-color":"","overlay-opacity":"","overlay-gradient":""},"tablet":{"background-color":"","background-image":"","background-repeat":"repeat","background-position":"center center","background-size":"auto","background-attachment":"scroll","background-type":"","background-media":"","overlay-type":"","overlay-color":"","overlay-opacity":"","overlay-gradient":""},"mobile":{"background-color":"","background-image":"","background-repeat":"repeat","background-position":"center center","background-size":"auto","background-attachment":"scroll","background-type":"","background-media":"","overlay-type":"","overlay-color":"","overlay-opacity":"","overlay-gradient":""}},"ast-content-background-meta":{"desktop":{"background-color":"var(--ast-global-color-5)","background-image":"","background-repeat":"repeat","background-position":"center center","background-size":"auto","background-attachment":"scroll","background-type":"","background-media":"","overlay-type":"","overlay-color":"","overlay-opacity":"","overlay-gradient":""},"tablet":{"background-color":"var(--ast-global-color-5)","background-image":"","background-repeat":"repeat","background-position":"center center","background-size":"auto","background-attachment":"scroll","background-type":"","background-media":"","overlay-type":"","overlay-color":"","overlay-opacity":"","overlay-gradient":""},"mobile":{"background-color":"var(--ast-global-color-5)","background-image":"","background-repeat":"repeat","background-position":"center center","background-size":"auto","background-attachment":"scroll","background-type":"","background-media":"","overlay-type":"","overlay-color":"","overlay-opacity":"","overlay-gradient":""}},"footnotes":""},"class_list":["post-29438","page","type-page","status-publish","hentry"],"yoast_head":"<!-- This site is optimized with the Yoast SEO plugin v27.5 - https:\/\/yoast.com\/product\/yoast-seo-wordpress\/ -->\n<title>Pol\u00edtica de derechos de autor del sitio web - Comfacor<\/title>\n<meta name=\"robots\" content=\"index, follow, max-snippet:-1, max-image-preview:large, max-video-preview:-1\" \/>\n<link rel=\"canonical\" href=\"https:\/\/comfacor.com.co\/newweb\/politica-derechos-autor-sitio-web\/\" \/>\n<meta property=\"og:locale\" content=\"es_ES\" \/>\n<meta property=\"og:type\" content=\"article\" \/>\n<meta property=\"og:title\" content=\"Pol\u00edtica de derechos de autor del sitio web - Comfacor\" \/>\n<meta property=\"og:description\" content=\"Pol\u00edtica de derechos de autor para la pagina web La Caja de Compensaci\u00f3n Familiar de C\u00f3rdoba COMFACOR posee la titularidad de todos los derechos relacionados con el software del sitio web y\/o aplicaciones, as\u00ed como los derechos de propiedad industrial e intelectual de los contenidos que se encuentren en ellos. La organizaci\u00f3n reserva todos los [&hellip;]\" \/>\n<meta property=\"og:url\" content=\"https:\/\/comfacor.com.co\/newweb\/politica-derechos-autor-sitio-web\/\" \/>\n<meta property=\"og:site_name\" content=\"Comfacor\" \/>\n<meta property=\"article:publisher\" content=\"https:\/\/www.facebook.com\/comfacoroficial\" \/>\n<meta property=\"article:modified_time\" content=\"2024-07-17T19:14:18+00:00\" \/>\n<meta name=\"twitter:card\" content=\"summary_large_image\" \/>\n<meta name=\"twitter:site\" content=\"@comfacoroficial\" \/>\n<meta name=\"twitter:label1\" content=\"Tiempo de lectura\" \/>\n\t<meta name=\"twitter:data1\" content=\"2 minutos\" \/>\n<script type=\"application\/ld+json\" class=\"yoast-schema-graph\">{\"@context\":\"https:\\\/\\\/schema.org\",\"@graph\":[{\"@type\":\"WebPage\",\"@id\":\"https:\\\/\\\/comfacor.com.co\\\/newweb\\\/politica-derechos-autor-sitio-web\\\/\",\"url\":\"https:\\\/\\\/comfacor.com.co\\\/newweb\\\/politica-derechos-autor-sitio-web\\\/\",\"name\":\"Pol\u00edtica de derechos de autor del sitio web - Comfacor\",\"isPartOf\":{\"@id\":\"https:\\\/\\\/comfacor.com.co\\\/newweb\\\/#website\"},\"datePublished\":\"2024-07-17T19:11:33+00:00\",\"dateModified\":\"2024-07-17T19:14:18+00:00\",\"inLanguage\":\"es-CO\",\"potentialAction\":[{\"@type\":\"ReadAction\",\"target\":[\"https:\\\/\\\/comfacor.com.co\\\/newweb\\\/politica-derechos-autor-sitio-web\\\/\"]}]},{\"@type\":\"WebSite\",\"@id\":\"https:\\\/\\\/comfacor.com.co\\\/newweb\\\/#website\",\"url\":\"https:\\\/\\\/comfacor.com.co\\\/newweb\\\/\",\"name\":\"Comfacor\",\"description\":\"Caja de Compensaci\u00f3n de C\u00f3rdoba\",\"publisher\":{\"@id\":\"https:\\\/\\\/comfacor.com.co\\\/newweb\\\/#organization\"},\"potentialAction\":[{\"@type\":\"SearchAction\",\"target\":{\"@type\":\"EntryPoint\",\"urlTemplate\":\"https:\\\/\\\/comfacor.com.co\\\/newweb\\\/?s={search_term_string}\"},\"query-input\":{\"@type\":\"PropertyValueSpecification\",\"valueRequired\":true,\"valueName\":\"search_term_string\"}}],\"inLanguage\":\"es-CO\"},{\"@type\":\"Organization\",\"@id\":\"https:\\\/\\\/comfacor.com.co\\\/newweb\\\/#organization\",\"name\":\"Comfacor\",\"url\":\"https:\\\/\\\/comfacor.com.co\\\/newweb\\\/\",\"logo\":{\"@type\":\"ImageObject\",\"inLanguage\":\"es-CO\",\"@id\":\"https:\\\/\\\/comfacor.com.co\\\/newweb\\\/#\\\/schema\\\/logo\\\/image\\\/\",\"url\":\"https:\\\/\\\/comfacor.com.co\\\/newweb\\\/wp-content\\\/uploads\\\/2022\\\/07\\\/MANUAL-CORPORATIVO-COMFACOR.png\",\"contentUrl\":\"https:\\\/\\\/comfacor.com.co\\\/newweb\\\/wp-content\\\/uploads\\\/2022\\\/07\\\/MANUAL-CORPORATIVO-COMFACOR.png\",\"width\":160,\"height\":100,\"caption\":\"Comfacor\"},\"image\":{\"@id\":\"https:\\\/\\\/comfacor.com.co\\\/newweb\\\/#\\\/schema\\\/logo\\\/image\\\/\"},\"sameAs\":[\"https:\\\/\\\/www.facebook.com\\\/comfacoroficial\",\"https:\\\/\\\/x.com\\\/comfacoroficial\",\"https:\\\/\\\/www.instagram.com\\\/comfacoroficial\\\/\"]}]}<\/script>\n<!-- \/ Yoast SEO plugin. -->","yoast_head_json":{"title":"Pol\u00edtica de derechos de autor del sitio web - Comfacor","robots":{"index":"index","follow":"follow","max-snippet":"max-snippet:-1","max-image-preview":"max-image-preview:large","max-video-preview":"max-video-preview:-1"},"canonical":"https:\/\/comfacor.com.co\/newweb\/politica-derechos-autor-sitio-web\/","og_locale":"es_ES","og_type":"article","og_title":"Pol\u00edtica de derechos de autor del sitio web - Comfacor","og_description":"Pol\u00edtica de derechos de autor para la pagina web La Caja de Compensaci\u00f3n Familiar de C\u00f3rdoba COMFACOR posee la titularidad de todos los derechos relacionados con el software del sitio web y\/o aplicaciones, as\u00ed como los derechos de propiedad industrial e intelectual de los contenidos que se encuentren en ellos. La organizaci\u00f3n reserva todos los [&hellip;]","og_url":"https:\/\/comfacor.com.co\/newweb\/politica-derechos-autor-sitio-web\/","og_site_name":"Comfacor","article_publisher":"https:\/\/www.facebook.com\/comfacoroficial","article_modified_time":"2024-07-17T19:14:18+00:00","twitter_card":"summary_large_image","twitter_site":"@comfacoroficial","twitter_misc":{"Tiempo de lectura":"2 minutos"},"schema":{"@context":"https:\/\/schema.org","@graph":[{"@type":"WebPage","@id":"https:\/\/comfacor.com.co\/newweb\/politica-derechos-autor-sitio-web\/","url":"https:\/\/comfacor.com.co\/newweb\/politica-derechos-autor-sitio-web\/","name":"Pol\u00edtica de derechos de autor del sitio web - Comfacor","isPartOf":{"@id":"https:\/\/comfacor.com.co\/newweb\/#website"},"datePublished":"2024-07-17T19:11:33+00:00","dateModified":"2024-07-17T19:14:18+00:00","inLanguage":"es-CO","potentialAction":[{"@type":"ReadAction","target":["https:\/\/comfacor.com.co\/newweb\/politica-derechos-autor-sitio-web\/"]}]},{"@type":"WebSite","@id":"https:\/\/comfacor.com.co\/newweb\/#website","url":"https:\/\/comfacor.com.co\/newweb\/","name":"Comfacor","description":"Caja de Compensaci\u00f3n de C\u00f3rdoba","publisher":{"@id":"https:\/\/comfacor.com.co\/newweb\/#organization"},"potentialAction":[{"@type":"SearchAction","target":{"@type":"EntryPoint","urlTemplate":"https:\/\/comfacor.com.co\/newweb\/?s={search_term_string}"},"query-input":{"@type":"PropertyValueSpecification","valueRequired":true,"valueName":"search_term_string"}}],"inLanguage":"es-CO"},{"@type":"Organization","@id":"https:\/\/comfacor.com.co\/newweb\/#organization","name":"Comfacor","url":"https:\/\/comfacor.com.co\/newweb\/","logo":{"@type":"ImageObject","inLanguage":"es-CO","@id":"https:\/\/comfacor.com.co\/newweb\/#\/schema\/logo\/image\/","url":"https:\/\/comfacor.com.co\/newweb\/wp-content\/uploads\/2022\/07\/MANUAL-CORPORATIVO-COMFACOR.png","contentUrl":"https:\/\/comfacor.com.co\/newweb\/wp-content\/uploads\/2022\/07\/MANUAL-CORPORATIVO-COMFACOR.png","width":160,"height":100,"caption":"Comfacor"},"image":{"@id":"https:\/\/comfacor.com.co\/newweb\/#\/schema\/logo\/image\/"},"sameAs":["https:\/\/www.facebook.com\/comfacoroficial","https:\/\/x.com\/comfacoroficial","https:\/\/www.instagram.com\/comfacoroficial\/"]}]}},"_links":{"self":[{"href":"https:\/\/comfacor.com.co\/newweb\/wp-json\/wp\/v2\/pages\/29438","targetHints":{"allow":["GET"]}}],"collection":[{"href":"https:\/\/comfacor.com.co\/newweb\/wp-json\/wp\/v2\/pages"}],"about":[{"href":"https:\/\/comfacor.com.co\/newweb\/wp-json\/wp\/v2\/types\/page"}],"author":[{"embeddable":true,"href":"https:\/\/comfacor.com.co\/newweb\/wp-json\/wp\/v2\/users\/4"}],"replies":[{"embeddable":true,"href":"https:\/\/comfacor.com.co\/newweb\/wp-json\/wp\/v2\/comments?post=29438"}],"version-history":[{"count":4,"href":"https:\/\/comfacor.com.co\/newweb\/wp-json\/wp\/v2\/pages\/29438\/revisions"}],"predecessor-version":[{"id":29443,"href":"https:\/\/comfacor.com.co\/newweb\/wp-json\/wp\/v2\/pages\/29438\/revisions\/29443"}],"wp:attachment":[{"href":"https:\/\/comfacor.com.co\/newweb\/wp-json\/wp\/v2\/media?parent=29438"}],"curies":[{"name":"wp","href":"https:\/\/api.w.org\/{rel}","templated":true}]}}