{"id":29429,"date":"2024-07-17T14:05:27","date_gmt":"2024-07-17T19:05:27","guid":{"rendered":"https:\/\/comfacor.com.co\/?page_id=29429"},"modified":"2024-07-17T14:06:22","modified_gmt":"2024-07-17T19:06:22","slug":"terminos-y-condiciones-del-sitio","status":"publish","type":"page","link":"https:\/\/comfacor.com.co\/newweb\/terminos-y-condiciones-del-sitio\/","title":{"rendered":"T\u00e9rminos y condiciones del sitio"},"content":{"rendered":"\t\t<div data-elementor-type=\"wp-page\" data-elementor-id=\"29429\" class=\"elementor elementor-29429\" data-elementor-post-type=\"page\">\n\t\t\t\t\t\t<section class=\"elementor-section elementor-top-section elementor-element elementor-element-b1539b1 elementor-section-boxed elementor-section-height-default elementor-section-height-default\" data-id=\"b1539b1\" data-element_type=\"section\" data-e-type=\"section\">\n\t\t\t\t\t\t<div class=\"elementor-container elementor-column-gap-default\">\n\t\t\t\t\t<div class=\"elementor-column elementor-col-100 elementor-top-column elementor-element elementor-element-878eb87\" data-id=\"878eb87\" data-element_type=\"column\" data-e-type=\"column\">\n\t\t\t<div class=\"elementor-widget-wrap elementor-element-populated\">\n\t\t\t\t\t\t<div class=\"elementor-element elementor-element-82c868b elementor-widget elementor-widget-text-editor\" data-id=\"82c868b\" data-element_type=\"widget\" data-e-type=\"widget\" data-widget_type=\"text-editor.default\">\n\t\t\t\t<div class=\"elementor-widget-container\">\n\t\t\t\t\t\t\t\t\t<h2 style=\"text-align: center;\"><strong>Los T\u00e9rminos y Condiciones para el uso del Sitio Web<\/strong><\/h2><h5 style=\"text-align: left;\">La Caja de Compensaci\u00f3n Familiar de C\u00f3rdoba con NIT 891080005-1, ubicada en la Cra 9 #12-01 Monter\u00eda \u2013 C\u00f3rdoba Esta entidad, comprometida con el bienestar de sus afiliados y la comunidad en general, utiliza su sitio web para la comunicaci\u00f3n y difusi\u00f3n de contenido y aplicaciones. Este documento detalla las normas y comportamientos que deben respetarse al utilizar y navegar en el sitio web o sus aplicaciones correspondientes.<br \/><br \/>Todos los usuarios y visitantes del sitio web son responsables de leer los t\u00e9rminos y condiciones de uso. Al acceder al sitio web de COMFACOR, el usuario acepta autom\u00e1ticamente los t\u00e9rminos y condiciones establecidos en este documento. Se recomienda revisar peri\u00f3dicamente la secci\u00f3n de t\u00e9rminos y condiciones.<br \/><br \/>El usuario asumir\u00e1 la responsabilidad por cualquier uso inapropiado, anormal o ilegal del sitio web y su contenido. Espec\u00edficamente, se compromete a no:<\/h5><ul style=\"text-align: left;\"><li><h5>No modificar el uso de marcas, logotipos u otros signos distintivos de la Caja de Compensaci\u00f3n Familiar de C\u00f3rdoba o de terceros que aparezcan en el sitio web.<\/h5><\/li><li><h5>No se permite descargar im\u00e1genes, textos, documentos u otro contenido del sitio web, a menos que se indique lo contrario de manera expl\u00edcita.<\/h5><\/li><li><h5>No participar en conductas il\u00edcitas como da\u00f1os inform\u00e1ticos, ataques, interceptaci\u00f3n de comunicaciones, infracci\u00f3n de derechos de autor, uso no autorizado de terminales, suplantaci\u00f3n de identidad, divulgaci\u00f3n de secretos o falsificaci\u00f3n de documentos.<\/h5><\/li><li><h5>No utilizar contenido (como im\u00e1genes, textos, v\u00eddeos, documentos) con prop\u00f3sitos publicitarios sin la autorizaci\u00f3n previa del personal autorizado por COMFACOR.<\/h5><\/li><li><h5>No publicar contenido pornogr\u00e1fico, difamatorio, falso o cualquier otro tipo de contenido que pueda afectar la seguridad y convivencia pac\u00edfica de los visitantes del sitio web de la Caja de Compensaci\u00f3n Familiar de C\u00f3rdoba.<\/h5><\/li><li><h5>No realizar actividades t\u00e9cnicas que obstaculicen la administraci\u00f3n, uso o publicaci\u00f3n libre de contenido por parte de los administradores debidamente autorizados por la Caja de Compensaci\u00f3n Familiar de C\u00f3rdoba.<\/h5><\/li><\/ul><h5 style=\"text-align: left;\">El usuario y\/o visitante reconoce y acepta que la Caja de Compensaci\u00f3n Familiar de C\u00f3rdoba no asume ni se responsabiliza por los comentarios de los visitantes del sitio web ni por las opiniones expresadas por los usuarios en los distintos espacios abiertos del sitio web con ese fin.<br \/><br \/>Del mismo modo, el usuario y\/o visitante comprende que la Caja de Compensaci\u00f3n Familiar de C\u00f3rdoba implementa medidas administrativas, t\u00e9cnicas y tecnol\u00f3gicas para mantener su sitio libre de virus y software malicioso. No obstante, el usuario y\/o visitante reconoce que la Caja de Compensaci\u00f3n Familiar de C\u00f3rdoba no garantiza de ninguna manera la ausencia de elementos que puedan causar alteraciones o da\u00f1os en su sistema inform\u00e1tico, por lo tanto, no asume responsabilidad por dichas alteraciones.<br \/><br \/><strong>Informaci\u00f3n y sitios Web de terceros<\/strong><br \/><br \/>el usuario y\/o visitante puede encontrar hiperv\u00ednculos (enlaces) que facilitan el acceso a otras p\u00e1ginas web o sitios. Estos enlaces se proporcionan con el fin de informar sobre la existencia de otras fuentes que complementan los contenidos publicados.<br \/><br \/>En vista de lo anterior, el usuario y\/o visitante reconoce que la Caja de Compensaci\u00f3n Familiar de C\u00f3rdoba no asume responsabilidad por el contenido publicado, el funcionamiento, la accesibilidad, la gesti\u00f3n de la informaci\u00f3n y\/o la privacidad de esos sitios web de terceros. Por lo tanto, al hacer clic en dichos enlaces y salir del sitio web de COMFACOR, el usuario lo hace bajo su propio riesgo y responsabilidad.<br \/><br \/><strong>Derechos Reservados sobre los contenidos publicados en el sitio web<\/strong><br \/><br \/>El sitio web de la Caja de Compensaci\u00f3n Familiar de C\u00f3rdoba, <a href=\"http:\/\/www.comfacor.com.co\">www.comfacor.com.co<\/a>, junto con su dise\u00f1o, todos los contenidos, bases de datos, repositorios, interfaces, herramientas, aplicaciones, software y dem\u00e1s materiales est\u00e1n protegidos por las leyes nacionales e internacionales de Propiedad Intelectual.<br \/><br \/>En consecuencia, queda prohibido el uso, reproducci\u00f3n, comunicaci\u00f3n p\u00fablica, disponibilidad, transformaci\u00f3n, distribuci\u00f3n, alquiler, pr\u00e9stamo p\u00fablico e importaci\u00f3n, ya sea total o parcialmente, en formato impreso, digital o por cualquier medio conocido o por conocer en el estado actual de la tecnolog\u00eda, sin la autorizaci\u00f3n previa y expresa por escrito de la Caja de Compensaci\u00f3n Familiar de C\u00f3rdoba.<br \/><br \/>Las marcas, logotipos, nombres, lemas y dem\u00e1s signos distintivos relacionados con la Caja de Compensaci\u00f3n Familiar de C\u00f3rdoba son propiedad de esta. Por lo tanto, est\u00e1 estrictamente prohibida su reproducci\u00f3n total o parcial, ya sea con fines comerciales o no comerciales. Cualquier uso de estos elementos representativos o de los contenidos del sitio web requiere autorizaci\u00f3n previa y expresa de COMFACOR.<br \/><br \/><strong>Aplicaci\u00f3n de la Ley para resoluci\u00f3n de pol\u00e9micas<\/strong><br \/><br \/>Cualquier disputa derivada de la interpretaci\u00f3n de los t\u00e9rminos y condiciones aqu\u00ed establecidos ser\u00e1 dirimida de acuerdo con las normativas internas de la Caja de Compensaci\u00f3n Familiar de C\u00f3rdoba. En los aspectos no espec\u00edficamente regulados por estas normativas, se aplicar\u00e1n las leyes de la Rep\u00fablica de Colombia. Cualquier conflicto o controversia relacionado con el cumplimiento de estos t\u00e9rminos y condiciones ser\u00e1 resuelto inicialmente mediante negociaci\u00f3n directa entre las partes, mediaci\u00f3n o conciliaci\u00f3n, siguiendo los procedimientos legales establecidos en las leyes de la Rep\u00fablica de Colombia.<br \/><br \/><strong>Derecho a actualizar y modificar los T\u00e9rminos y Condiciones<\/strong><br \/><br \/>Estos t\u00e9rminos y condiciones de uso se aplican a todos los servicios y comunicaciones actuales o futuros, y son vinculantes para todos los usuarios o terceros que accedan, permanezcan o utilicen el sitio web.<br \/><br \/>No obstante, la Caja de Compensaci\u00f3n Familiar de C\u00f3rdoba se reserva el derecho de modificar y actualizar estos t\u00e9rminos y condiciones en cualquier momento y sin previo aviso. Dichas modificaciones entrar\u00e1n en vigor desde su publicaci\u00f3n en el sitio web.<\/h5>\t\t\t\t\t\t\t\t<\/div>\n\t\t\t\t<\/div>\n\t\t\t\t\t<\/div>\n\t\t<\/div>\n\t\t\t\t\t<\/div>\n\t\t<\/section>\n\t\t\t\t<\/div>\n\t\t","protected":false},"excerpt":{"rendered":"<p>Los T\u00e9rminos y Condiciones para el uso del Sitio Web La Caja de Compensaci\u00f3n Familiar de C\u00f3rdoba con NIT 891080005-1, ubicada en la Cra 9 #12-01 Monter\u00eda \u2013 C\u00f3rdoba Esta entidad, comprometida con el bienestar de sus afiliados y la comunidad en general, utiliza su sitio web para la comunicaci\u00f3n y difusi\u00f3n de contenido y [&hellip;]<\/p>\n","protected":false},"author":4,"featured_media":0,"parent":0,"menu_order":0,"comment_status":"closed","ping_status":"closed","template":"","meta":{"site-sidebar-layout":"no-sidebar","site-content-layout":"page-builder","ast-site-content-layout":"full-width-container","site-content-style":"default","site-sidebar-style":"default","ast-global-header-display":"","ast-banner-title-visibility":"","ast-main-header-display":"","ast-hfb-above-header-display":"","ast-hfb-below-header-display":"","ast-hfb-mobile-header-display":"","site-post-title":"disabled","ast-breadcrumbs-content":"","ast-featured-img":"disabled","footer-sml-layout":"","ast-disable-related-posts":"","theme-transparent-header-meta":"","adv-header-id-meta":"","stick-header-meta":"","header-above-stick-meta":"","header-main-stick-meta":"","header-below-stick-meta":"","astra-migrate-meta-layouts":"set","ast-page-background-enabled":"default","ast-page-background-meta":{"desktop":{"background-color":"var(--ast-global-color-4)","background-image":"","background-repeat":"repeat","background-position":"center center","background-size":"auto","background-attachment":"scroll","background-type":"","background-media":"","overlay-type":"","overlay-color":"","overlay-opacity":"","overlay-gradient":""},"tablet":{"background-color":"","background-image":"","background-repeat":"repeat","background-position":"center center","background-size":"auto","background-attachment":"scroll","background-type":"","background-media":"","overlay-type":"","overlay-color":"","overlay-opacity":"","overlay-gradient":""},"mobile":{"background-color":"","background-image":"","background-repeat":"repeat","background-position":"center center","background-size":"auto","background-attachment":"scroll","background-type":"","background-media":"","overlay-type":"","overlay-color":"","overlay-opacity":"","overlay-gradient":""}},"ast-content-background-meta":{"desktop":{"background-color":"var(--ast-global-color-5)","background-image":"","background-repeat":"repeat","background-position":"center center","background-size":"auto","background-attachment":"scroll","background-type":"","background-media":"","overlay-type":"","overlay-color":"","overlay-opacity":"","overlay-gradient":""},"tablet":{"background-color":"var(--ast-global-color-5)","background-image":"","background-repeat":"repeat","background-position":"center center","background-size":"auto","background-attachment":"scroll","background-type":"","background-media":"","overlay-type":"","overlay-color":"","overlay-opacity":"","overlay-gradient":""},"mobile":{"background-color":"var(--ast-global-color-5)","background-image":"","background-repeat":"repeat","background-position":"center center","background-size":"auto","background-attachment":"scroll","background-type":"","background-media":"","overlay-type":"","overlay-color":"","overlay-opacity":"","overlay-gradient":""}},"footnotes":""},"class_list":["post-29429","page","type-page","status-publish","hentry"],"yoast_head":"<!-- This site is optimized with the Yoast SEO plugin v27.5 - https:\/\/yoast.com\/product\/yoast-seo-wordpress\/ -->\n<title>T\u00e9rminos y condiciones del sitio - Comfacor<\/title>\n<meta name=\"robots\" content=\"index, follow, max-snippet:-1, max-image-preview:large, max-video-preview:-1\" \/>\n<link rel=\"canonical\" href=\"https:\/\/comfacor.com.co\/newweb\/terminos-y-condiciones-del-sitio\/\" \/>\n<meta property=\"og:locale\" content=\"es_ES\" \/>\n<meta property=\"og:type\" content=\"article\" \/>\n<meta property=\"og:title\" content=\"T\u00e9rminos y condiciones del sitio - Comfacor\" \/>\n<meta property=\"og:description\" content=\"Los T\u00e9rminos y Condiciones para el uso del Sitio Web La Caja de Compensaci\u00f3n Familiar de C\u00f3rdoba con NIT 891080005-1, ubicada en la Cra 9 #12-01 Monter\u00eda \u2013 C\u00f3rdoba Esta entidad, comprometida con el bienestar de sus afiliados y la comunidad en general, utiliza su sitio web para la comunicaci\u00f3n y difusi\u00f3n de contenido y [&hellip;]\" \/>\n<meta property=\"og:url\" content=\"https:\/\/comfacor.com.co\/newweb\/terminos-y-condiciones-del-sitio\/\" \/>\n<meta property=\"og:site_name\" content=\"Comfacor\" \/>\n<meta property=\"article:publisher\" content=\"https:\/\/www.facebook.com\/comfacoroficial\" \/>\n<meta property=\"article:modified_time\" content=\"2024-07-17T19:06:22+00:00\" \/>\n<meta name=\"twitter:card\" content=\"summary_large_image\" \/>\n<meta name=\"twitter:site\" content=\"@comfacoroficial\" \/>\n<meta name=\"twitter:label1\" content=\"Tiempo de lectura\" \/>\n\t<meta name=\"twitter:data1\" content=\"5 minutos\" \/>\n<script type=\"application\/ld+json\" class=\"yoast-schema-graph\">{\"@context\":\"https:\\\/\\\/schema.org\",\"@graph\":[{\"@type\":\"WebPage\",\"@id\":\"https:\\\/\\\/comfacor.com.co\\\/newweb\\\/terminos-y-condiciones-del-sitio\\\/\",\"url\":\"https:\\\/\\\/comfacor.com.co\\\/newweb\\\/terminos-y-condiciones-del-sitio\\\/\",\"name\":\"T\u00e9rminos y condiciones del sitio - Comfacor\",\"isPartOf\":{\"@id\":\"https:\\\/\\\/comfacor.com.co\\\/newweb\\\/#website\"},\"datePublished\":\"2024-07-17T19:05:27+00:00\",\"dateModified\":\"2024-07-17T19:06:22+00:00\",\"inLanguage\":\"es-CO\",\"potentialAction\":[{\"@type\":\"ReadAction\",\"target\":[\"https:\\\/\\\/comfacor.com.co\\\/newweb\\\/terminos-y-condiciones-del-sitio\\\/\"]}]},{\"@type\":\"WebSite\",\"@id\":\"https:\\\/\\\/comfacor.com.co\\\/newweb\\\/#website\",\"url\":\"https:\\\/\\\/comfacor.com.co\\\/newweb\\\/\",\"name\":\"Comfacor\",\"description\":\"Caja de Compensaci\u00f3n de C\u00f3rdoba\",\"publisher\":{\"@id\":\"https:\\\/\\\/comfacor.com.co\\\/newweb\\\/#organization\"},\"potentialAction\":[{\"@type\":\"SearchAction\",\"target\":{\"@type\":\"EntryPoint\",\"urlTemplate\":\"https:\\\/\\\/comfacor.com.co\\\/newweb\\\/?s={search_term_string}\"},\"query-input\":{\"@type\":\"PropertyValueSpecification\",\"valueRequired\":true,\"valueName\":\"search_term_string\"}}],\"inLanguage\":\"es-CO\"},{\"@type\":\"Organization\",\"@id\":\"https:\\\/\\\/comfacor.com.co\\\/newweb\\\/#organization\",\"name\":\"Comfacor\",\"url\":\"https:\\\/\\\/comfacor.com.co\\\/newweb\\\/\",\"logo\":{\"@type\":\"ImageObject\",\"inLanguage\":\"es-CO\",\"@id\":\"https:\\\/\\\/comfacor.com.co\\\/newweb\\\/#\\\/schema\\\/logo\\\/image\\\/\",\"url\":\"https:\\\/\\\/comfacor.com.co\\\/newweb\\\/wp-content\\\/uploads\\\/2022\\\/07\\\/MANUAL-CORPORATIVO-COMFACOR.png\",\"contentUrl\":\"https:\\\/\\\/comfacor.com.co\\\/newweb\\\/wp-content\\\/uploads\\\/2022\\\/07\\\/MANUAL-CORPORATIVO-COMFACOR.png\",\"width\":160,\"height\":100,\"caption\":\"Comfacor\"},\"image\":{\"@id\":\"https:\\\/\\\/comfacor.com.co\\\/newweb\\\/#\\\/schema\\\/logo\\\/image\\\/\"},\"sameAs\":[\"https:\\\/\\\/www.facebook.com\\\/comfacoroficial\",\"https:\\\/\\\/x.com\\\/comfacoroficial\",\"https:\\\/\\\/www.instagram.com\\\/comfacoroficial\\\/\"]}]}<\/script>\n<!-- \/ Yoast SEO plugin. -->","yoast_head_json":{"title":"T\u00e9rminos y condiciones del sitio - Comfacor","robots":{"index":"index","follow":"follow","max-snippet":"max-snippet:-1","max-image-preview":"max-image-preview:large","max-video-preview":"max-video-preview:-1"},"canonical":"https:\/\/comfacor.com.co\/newweb\/terminos-y-condiciones-del-sitio\/","og_locale":"es_ES","og_type":"article","og_title":"T\u00e9rminos y condiciones del sitio - Comfacor","og_description":"Los T\u00e9rminos y Condiciones para el uso del Sitio Web La Caja de Compensaci\u00f3n Familiar de C\u00f3rdoba con NIT 891080005-1, ubicada en la Cra 9 #12-01 Monter\u00eda \u2013 C\u00f3rdoba Esta entidad, comprometida con el bienestar de sus afiliados y la comunidad en general, utiliza su sitio web para la comunicaci\u00f3n y difusi\u00f3n de contenido y [&hellip;]","og_url":"https:\/\/comfacor.com.co\/newweb\/terminos-y-condiciones-del-sitio\/","og_site_name":"Comfacor","article_publisher":"https:\/\/www.facebook.com\/comfacoroficial","article_modified_time":"2024-07-17T19:06:22+00:00","twitter_card":"summary_large_image","twitter_site":"@comfacoroficial","twitter_misc":{"Tiempo de lectura":"5 minutos"},"schema":{"@context":"https:\/\/schema.org","@graph":[{"@type":"WebPage","@id":"https:\/\/comfacor.com.co\/newweb\/terminos-y-condiciones-del-sitio\/","url":"https:\/\/comfacor.com.co\/newweb\/terminos-y-condiciones-del-sitio\/","name":"T\u00e9rminos y condiciones del sitio - Comfacor","isPartOf":{"@id":"https:\/\/comfacor.com.co\/newweb\/#website"},"datePublished":"2024-07-17T19:05:27+00:00","dateModified":"2024-07-17T19:06:22+00:00","inLanguage":"es-CO","potentialAction":[{"@type":"ReadAction","target":["https:\/\/comfacor.com.co\/newweb\/terminos-y-condiciones-del-sitio\/"]}]},{"@type":"WebSite","@id":"https:\/\/comfacor.com.co\/newweb\/#website","url":"https:\/\/comfacor.com.co\/newweb\/","name":"Comfacor","description":"Caja de Compensaci\u00f3n de C\u00f3rdoba","publisher":{"@id":"https:\/\/comfacor.com.co\/newweb\/#organization"},"potentialAction":[{"@type":"SearchAction","target":{"@type":"EntryPoint","urlTemplate":"https:\/\/comfacor.com.co\/newweb\/?s={search_term_string}"},"query-input":{"@type":"PropertyValueSpecification","valueRequired":true,"valueName":"search_term_string"}}],"inLanguage":"es-CO"},{"@type":"Organization","@id":"https:\/\/comfacor.com.co\/newweb\/#organization","name":"Comfacor","url":"https:\/\/comfacor.com.co\/newweb\/","logo":{"@type":"ImageObject","inLanguage":"es-CO","@id":"https:\/\/comfacor.com.co\/newweb\/#\/schema\/logo\/image\/","url":"https:\/\/comfacor.com.co\/newweb\/wp-content\/uploads\/2022\/07\/MANUAL-CORPORATIVO-COMFACOR.png","contentUrl":"https:\/\/comfacor.com.co\/newweb\/wp-content\/uploads\/2022\/07\/MANUAL-CORPORATIVO-COMFACOR.png","width":160,"height":100,"caption":"Comfacor"},"image":{"@id":"https:\/\/comfacor.com.co\/newweb\/#\/schema\/logo\/image\/"},"sameAs":["https:\/\/www.facebook.com\/comfacoroficial","https:\/\/x.com\/comfacoroficial","https:\/\/www.instagram.com\/comfacoroficial\/"]}]}},"_links":{"self":[{"href":"https:\/\/comfacor.com.co\/newweb\/wp-json\/wp\/v2\/pages\/29429","targetHints":{"allow":["GET"]}}],"collection":[{"href":"https:\/\/comfacor.com.co\/newweb\/wp-json\/wp\/v2\/pages"}],"about":[{"href":"https:\/\/comfacor.com.co\/newweb\/wp-json\/wp\/v2\/types\/page"}],"author":[{"embeddable":true,"href":"https:\/\/comfacor.com.co\/newweb\/wp-json\/wp\/v2\/users\/4"}],"replies":[{"embeddable":true,"href":"https:\/\/comfacor.com.co\/newweb\/wp-json\/wp\/v2\/comments?post=29429"}],"version-history":[{"count":5,"href":"https:\/\/comfacor.com.co\/newweb\/wp-json\/wp\/v2\/pages\/29429\/revisions"}],"predecessor-version":[{"id":29434,"href":"https:\/\/comfacor.com.co\/newweb\/wp-json\/wp\/v2\/pages\/29429\/revisions\/29434"}],"wp:attachment":[{"href":"https:\/\/comfacor.com.co\/newweb\/wp-json\/wp\/v2\/media?parent=29429"}],"curies":[{"name":"wp","href":"https:\/\/api.w.org\/{rel}","templated":true}]}}