{"id":18683,"date":"2023-10-12T15:19:56","date_gmt":"2023-10-12T20:19:56","guid":{"rendered":"https:\/\/comfacor.com.co\/?page_id=18683"},"modified":"2026-03-13T14:56:50","modified_gmt":"2026-03-13T19:56:50","slug":"comfaplay","status":"publish","type":"page","link":"https:\/\/comfacor.com.co\/newweb\/comfaplay\/","title":{"rendered":"COMFA-PLAY"},"content":{"rendered":"\t\t<div data-elementor-type=\"wp-page\" data-elementor-id=\"18683\" class=\"elementor elementor-18683\" data-elementor-post-type=\"page\">\n\t\t\t\t<div class=\"elementor-element elementor-element-24a95bb e-flex e-con-boxed e-con e-parent\" data-id=\"24a95bb\" data-element_type=\"container\" data-e-type=\"container\">\n\t\t\t\t\t<div class=\"e-con-inner\">\n\t\t<div class=\"elementor-element elementor-element-2141b6c e-con-full e-flex e-con e-child\" data-id=\"2141b6c\" data-element_type=\"container\" data-e-type=\"container\">\n\t\t\t\t<div class=\"elementor-element elementor-element-8800ce6 elementor-widget elementor-widget-html\" data-id=\"8800ce6\" data-element_type=\"widget\" data-e-type=\"widget\" data-widget_type=\"html.default\">\n\t\t\t\t<div class=\"elementor-widget-container\">\n\t\t\t\t\t<!-- Fuente retro gamer -->\r\n<link href=\"https:\/\/fonts.googleapis.com\/css2?family=Press+Start+2P&display=swap\" rel=\"stylesheet\">\r\n\r\n<style>\r\n  :root {\r\n    --accent1: #00ffe1;\r\n    --accent2: #ff00e0;\r\n  }\r\n\r\n  .title-gamer {\r\n    text-align: center;\r\n    margin: 20px 0 10px; \/* ajusto margen inferior *\/\r\n    font-family: 'Press Start 2P', monospace;\r\n    font-size: 40px;\r\n    letter-spacing: 2px;\r\n    position: relative;\r\n    color: #000000 !important;\r\n  }\r\n\r\n  .title-gamer::before,\r\n  .title-gamer::after {\r\n    content: attr(data-text);\r\n    position: absolute;\r\n    left: 0;\r\n    top: 0;\r\n    width: 100%;\r\n  }\r\n\r\n  .title-gamer::before {\r\n    left: 2px;\r\n    text-shadow: -2px 0 var(--accent2);\r\n    opacity: 0.8;\r\n    animation: glitch1 2s infinite linear;\r\n  }\r\n\r\n  .title-gamer::after {\r\n    left: -2px;\r\n    text-shadow: 2px 0 var(--accent1);\r\n    opacity: 0.8;\r\n    animation: glitch2 3s infinite linear;\r\n  }\r\n\r\n  @keyframes glitch1 {\r\n    0% { clip: rect(10px, 9999px, 40px, 0); }\r\n    20% { clip: rect(0, 9999px, 0, 0); }\r\n    40% { clip: rect(50px, 9999px, 80px, 0); }\r\n    60% { clip: rect(0, 9999px, 0, 0); }\r\n    80% { clip: rect(20px, 9999px, 50px, 0); }\r\n    100% { clip: rect(10px, 9999px, 40px, 0); }\r\n  }\r\n\r\n  @keyframes glitch2 {\r\n    0% { clip: rect(30px, 9999px, 60px, 0); }\r\n    25% { clip: rect(0, 9999px, 0, 0); }\r\n    50% { clip: rect(10px, 9999px, 40px, 0); }\r\n    75% { clip: rect(0, 9999px, 0, 0); }\r\n    100% { clip: rect(30px, 9999px, 60px, 0); }\r\n  }\r\n\r\n  \/* Estilo para el texto de Typed.js *\/\r\n  .typed-wrap {\r\n    text-align: center;\r\n    font-size: 35px;\r\n    color: #333;\r\n    line-height: 35px;\r\n    font-family: 'Raleway', sans-serif;\r\n    font-weight: bold;\r\n    margin-bottom: 20px;\r\n  }\r\n<\/style>\r\n\r\n<!-- T\u00edtulo con glitch -->\r\n<h1 class=\"title-gamer\" data-text=\"COMFA-PLAY 2025\">COMFA-PLAY 2025<\/h1>\r\n\r\n\t\t\t\t<\/div>\n\t\t\t\t<\/div>\n\t\t\t\t<\/div>\n\t\t\t\t\t<\/div>\n\t\t\t\t<\/div>\n\t\t<div class=\"elementor-element elementor-element-3b69f88 e-flex e-con-boxed e-con e-parent\" data-id=\"3b69f88\" data-element_type=\"container\" data-e-type=\"container\">\n\t\t\t\t\t<div class=\"e-con-inner\">\n\t\t<div class=\"elementor-element elementor-element-2378b28 e-con-full e-flex e-con e-child\" data-id=\"2378b28\" data-element_type=\"container\" data-e-type=\"container\">\n\t\t\t\t<div class=\"elementor-element elementor-element-84cf76c elementor-button-align-center elementor-widget elementor-widget-form\" data-id=\"84cf76c\" data-element_type=\"widget\" data-e-type=\"widget\" data-settings=\"{&quot;step_next_label&quot;:&quot;Next&quot;,&quot;step_previous_label&quot;:&quot;Previous&quot;,&quot;button_width&quot;:&quot;100&quot;,&quot;step_type&quot;:&quot;number_text&quot;,&quot;step_icon_shape&quot;:&quot;circle&quot;}\" data-widget_type=\"form.default\">\n\t\t\t\t<div class=\"elementor-widget-container\">\n\t\t\t\t\t\t\t<form class=\"elementor-form\" method=\"post\" name=\"comfaplay-2025\" aria-label=\"comfaplay-2025\">\n\t\t\t<input type=\"hidden\" name=\"post_id\" value=\"18683\"\/>\n\t\t\t<input type=\"hidden\" name=\"form_id\" value=\"84cf76c\"\/>\n\t\t\t<input type=\"hidden\" name=\"referer_title\" value=\"Comfacor\" \/>\n\n\t\t\t\n\t\t\t<div class=\"elementor-form-fields-wrapper elementor-labels-above\">\n\t\t\t\t\t\t\t\t<div class=\"elementor-field-type-text elementor-field-group elementor-column elementor-field-group-field_7826f61 elementor-col-50 elementor-field-required\">\n\t\t\t\t\t\t\t\t\t\t\t\t<label for=\"form-field-field_7826f61\" class=\"elementor-field-label\">\n\t\t\t\t\t\t\t\tNombres\t\t\t\t\t\t\t<\/label>\n\t\t\t\t\t\t\t\t\t\t\t\t\t\t<input size=\"1\" type=\"text\" name=\"form_fields[field_7826f61]\" id=\"form-field-field_7826f61\" class=\"elementor-field elementor-size-sm  elementor-field-textual\" placeholder=\"Nombres\" required=\"required\">\n\t\t\t\t\t\t\t\t\t\t\t<\/div>\n\t\t\t\t\t\t\t\t<div class=\"elementor-field-type-text elementor-field-group elementor-column elementor-field-group-field_77ccd99 elementor-col-50 elementor-field-required\">\n\t\t\t\t\t\t\t\t\t\t\t\t<label for=\"form-field-field_77ccd99\" class=\"elementor-field-label\">\n\t\t\t\t\t\t\t\tApellidos\t\t\t\t\t\t\t<\/label>\n\t\t\t\t\t\t\t\t\t\t\t\t\t\t<input size=\"1\" type=\"text\" name=\"form_fields[field_77ccd99]\" id=\"form-field-field_77ccd99\" class=\"elementor-field elementor-size-sm  elementor-field-textual\" placeholder=\"Apellidos\" required=\"required\">\n\t\t\t\t\t\t\t\t\t\t\t<\/div>\n\t\t\t\t\t\t\t\t<div class=\"elementor-field-type-tel elementor-field-group elementor-column elementor-field-group-field_2a24a0e elementor-col-50 elementor-field-required\">\n\t\t\t\t\t\t\t\t\t\t\t\t<label for=\"form-field-field_2a24a0e\" class=\"elementor-field-label\">\n\t\t\t\t\t\t\t\tIdentificaci\u00f3n\t\t\t\t\t\t\t<\/label>\n\t\t\t\t\t\t\t\t<input size=\"1\" type=\"tel\" name=\"form_fields[field_2a24a0e]\" id=\"form-field-field_2a24a0e\" class=\"elementor-field elementor-size-sm  elementor-field-textual\" placeholder=\"Numero de identificaci\u00f3n\" required=\"required\" pattern=\"[0-9()#&amp;+*-=.]+\" title=\"Only numbers and phone characters (#, -, *, etc) are accepted.\">\n\n\t\t\t\t\t\t<\/div>\n\t\t\t\t\t\t\t\t<div class=\"elementor-field-type-tel elementor-field-group elementor-column elementor-field-group-field_bbcd76d elementor-col-50 elementor-field-required\">\n\t\t\t\t\t\t\t\t\t\t\t\t<label for=\"form-field-field_bbcd76d\" class=\"elementor-field-label\">\n\t\t\t\t\t\t\t\tEdad\t\t\t\t\t\t\t<\/label>\n\t\t\t\t\t\t\t\t<input size=\"1\" type=\"tel\" name=\"form_fields[field_bbcd76d]\" id=\"form-field-field_bbcd76d\" class=\"elementor-field elementor-size-sm  elementor-field-textual\" placeholder=\"Edad\" required=\"required\" pattern=\"[0-9()#&amp;+*-=.]+\" title=\"Only numbers and phone characters (#, -, *, etc) are accepted.\">\n\n\t\t\t\t\t\t<\/div>\n\t\t\t\t\t\t\t\t<div class=\"elementor-field-type-email elementor-field-group elementor-column elementor-field-group-email elementor-col-50 elementor-field-required\">\n\t\t\t\t\t\t\t\t\t\t\t\t<label for=\"form-field-email\" class=\"elementor-field-label\">\n\t\t\t\t\t\t\t\tCorreo\t\t\t\t\t\t\t<\/label>\n\t\t\t\t\t\t\t\t\t\t\t\t\t\t<input size=\"1\" type=\"email\" name=\"form_fields[email]\" id=\"form-field-email\" class=\"elementor-field elementor-size-sm  elementor-field-textual\" placeholder=\"Email\" required=\"required\">\n\t\t\t\t\t\t\t\t\t\t\t<\/div>\n\t\t\t\t\t\t\t\t<div class=\"elementor-field-type-tel elementor-field-group elementor-column elementor-field-group-field_37666f7 elementor-col-50 elementor-field-required\">\n\t\t\t\t\t\t\t\t\t\t\t\t<label for=\"form-field-field_37666f7\" class=\"elementor-field-label\">\n\t\t\t\t\t\t\t\tTel\u00e9fono\t\t\t\t\t\t\t<\/label>\n\t\t\t\t\t\t\t\t<input size=\"1\" type=\"tel\" name=\"form_fields[field_37666f7]\" id=\"form-field-field_37666f7\" class=\"elementor-field elementor-size-sm  elementor-field-textual\" placeholder=\"N\u00famero de tel\u00e9fono\" required=\"required\" pattern=\"[0-9()#&amp;+*-=.]+\" title=\"Only numbers and phone characters (#, -, *, etc) are accepted.\">\n\n\t\t\t\t\t\t<\/div>\n\t\t\t\t\t\t\t\t<div class=\"elementor-field-type-acceptance elementor-field-group elementor-column elementor-field-group-field_b40da5a elementor-col-100 elementor-field-required\">\n\t\t\t\t\t\t\t\t\t\t\t\t<label for=\"form-field-field_b40da5a\" class=\"elementor-field-label\">\n\t\t\t\t\t\t\t\tAcepto que al enviar mis datos personales (o del menor de edad o persona en condici\u00f3n especial cognitiva que represento), autorizo de manera previa, expresa e inequ\u00edvoca a la CAJA DE COMPENSACI\u00d3N FAMILIAR DE CORDOBA - COMFACOR a darles tratamiento, incluyendo el consentimiento expl\u00edcito para tratar datos sensibles aun conociendo la posibilidad de oponerme a ello, conforme a las finalidades incorporadas en la Pol\u00edtica de Tratamiento de Informaci\u00f3n, publicada en www.comfacor.com.co y disponible en la Carrera 9 # 12-01 de la ciudad de Monter\u00eda, C\u00f3rdoba, la cual declaro conocer y estar informado que en ella se presentan los derechos que me asisten como titular y los canales de atenci\u00f3n donde ejercerlos.\t\t\t\t\t\t\t<\/label>\n\t\t\t\t\t\t\t\t<div class=\"elementor-field-subgroup\">\n\t\t\t<span class=\"elementor-field-option\">\n\t\t\t\t<input type=\"checkbox\" name=\"form_fields[field_b40da5a]\" id=\"form-field-field_b40da5a\" class=\"elementor-field elementor-size-sm  elementor-acceptance-field\" required=\"required\">\n\t\t\t\t<label for=\"form-field-field_b40da5a\"> <A HREF=\"https:\/\/comfacor.com.co\/politica-de-tratamiento-de-informacion\/\">Autorizo el tratamiento datos  <\/A>.<\/label>\t\t\t<\/span>\n\t\t<\/div>\n\t\t\t\t\t\t<\/div>\n\t\t\t\t\t\t\t\t<div class=\"elementor-field-group elementor-column elementor-field-type-submit elementor-col-100 e-form__buttons\">\n\t\t\t\t\t<button class=\"elementor-button elementor-size-sm\" type=\"submit\">\n\t\t\t\t\t\t<span class=\"elementor-button-content-wrapper\">\n\t\t\t\t\t\t\t\t\t\t\t\t\t\t\t\t\t\t\t\t\t\t<span class=\"elementor-button-text\">Enviar<\/span>\n\t\t\t\t\t\t\t\t\t\t\t\t\t<\/span>\n\t\t\t\t\t<\/button>\n\t\t\t\t<\/div>\n\t\t\t<\/div>\n\t\t<\/form>\n\t\t\t\t\t\t<\/div>\n\t\t\t\t<\/div>\n\t\t\t\t<\/div>\n\t\t<div class=\"elementor-element elementor-element-64d4373 e-con-full e-flex e-con e-child\" data-id=\"64d4373\" data-element_type=\"container\" data-e-type=\"container\" data-settings=\"{&quot;background_background&quot;:&quot;classic&quot;}\">\n\t\t\t\t<div class=\"elementor-element elementor-element-f1f7aa6 elementor-widget elementor-widget-html\" data-id=\"f1f7aa6\" data-element_type=\"widget\" data-e-type=\"widget\" data-widget_type=\"html.default\">\n\t\t\t\t<div class=\"elementor-widget-container\">\n\t\t\t\t\t<!-- Contenedor para Typed.js -->\r\n<div class=\"typed-wrap\">\r\n  <span id=\"typed-target\"><\/span>\r\n<\/div>\r\n\r\n<!-- Librer\u00eda Typed.js -->\r\n<script src=\"https:\/\/cdn.jsdelivr.net\/npm\/typed.js@2.0.12\/lib\/typed.min.js\"><\/script>\r\n<script>\r\n  new Typed('#typed-target', {\r\n    strings: [\r\n      'Elige tu juego...',\r\n      'Compite...', 'Gana...', 'Celebra...',\r\n      'Categor\u00edas: <strong>Adulto<\/strong> (18+) y <strong>Juvenil<\/strong> (13-17 a\u00f1os)'\r\n    ],\r\n    typeSpeed: 40,\r\n    backSpeed: 25,\r\n    loop: true\r\n  });\r\n<\/script>\r\n\r\n\t\t\t\t<\/div>\n\t\t\t\t<\/div>\n\t\t\t\t<div class=\"elementor-element elementor-element-d82cd4b bdt-countdown--align-center bdt-countdown--label-block elementor-widget elementor-widget-bdt-countdown\" data-id=\"d82cd4b\" data-element_type=\"widget\" data-e-type=\"widget\" data-widget_type=\"bdt-countdown.default\">\n\t\t\t\t<div class=\"elementor-widget-container\">\n\t\t\t\t\t\n\n\t\t<div class=\"bdt-countdown-wrapper bdt-countdown-skin-default\" data-settings=\"{&quot;id&quot;:&quot;#bdt-countdown-d82cd4b&quot;,&quot;msgId&quot;:&quot;#bdt-countdown-msg-d82cd4b&quot;,&quot;adminAjaxUrl&quot;:&quot;https:\\\/\\\/comfacor.com.co\\\/newweb\\\/wp-admin\\\/admin-ajax.php&quot;,&quot;endActionType&quot;:&quot;none&quot;,&quot;redirectUrl&quot;:&quot;javascript:void(0);&quot;,&quot;redirectDelay&quot;:1000,&quot;finalTime&quot;:&quot;2025-10-04T06:00:00+00:00&quot;,&quot;wpCurrentTime&quot;:1778344260,&quot;endTime&quot;:1759557600,&quot;loopHours&quot;:false,&quot;isLogged&quot;:false,&quot;couponTrickyId&quot;:&quot;bdt-sf-d82cd4b&quot;,&quot;triggerId&quot;:false}\">\n\t\t\t<div id=\"bdt-countdown-d82cd4b-timer\" class=\"bdt-countdown-grid\" data-bdt-countdown=\"date: 2025-10-04T06:00:00+00:00\" style=\"x\">\n\t\t\t\t<div class=\"bdt-countdown-item-wrapper\"><div class=\"bdt-countdown-item bdt-days-wrapper\"><span class=\"bdt-countdown-number bdt-countdown-days bdt-text-center\"><\/span> <span class=\"bdt-countdown-label bdt-text-center\">D\u00edas<\/span><\/div><\/div><div class=\"bdt-countdown-item-wrapper\"><div class=\"bdt-countdown-item bdt-hours-wrapper\"><span class=\"bdt-countdown-number bdt-countdown-hours bdt-text-center\"><\/span> <span class=\"bdt-countdown-label bdt-text-center\">Horas<\/span><\/div><\/div><div class=\"bdt-countdown-item-wrapper\"><div class=\"bdt-countdown-item bdt-minutes-wrapper\"><span class=\"bdt-countdown-number bdt-countdown-minutes bdt-text-center\"><\/span> <span class=\"bdt-countdown-label bdt-text-center\">Minutos<\/span><\/div><\/div><div class=\"bdt-countdown-item-wrapper\"><div class=\"bdt-countdown-item bdt-seconds-wrapper\"><span class=\"bdt-countdown-number bdt-countdown-seconds bdt-text-center\"><\/span> <span class=\"bdt-countdown-label bdt-text-center\">Segundos<\/span><\/div><\/div>\t\t\t<\/div>\n\n\t\t\t\n\t\t<\/div>\n\n\t\t\t\t\t\t<\/div>\n\t\t\t\t<\/div>\n\t\t\t\t<\/div>\n\t\t\t\t\t<\/div>\n\t\t\t\t<\/div>\n\t\t\t\t<\/div>\n\t\t","protected":false},"excerpt":{"rendered":"<p>COMFA-PLAY 2025 D\u00edas Horas Minutos Segundos<\/p>\n","protected":false},"author":4,"featured_media":0,"parent":0,"menu_order":0,"comment_status":"closed","ping_status":"closed","template":"","meta":{"site-sidebar-layout":"no-sidebar","site-content-layout":"page-builder","ast-site-content-layout":"full-width-container","site-content-style":"unboxed","site-sidebar-style":"unboxed","ast-global-header-display":"","ast-banner-title-visibility":"","ast-main-header-display":"","ast-hfb-above-header-display":"","ast-hfb-below-header-display":"","ast-hfb-mobile-header-display":"","site-post-title":"disabled","ast-breadcrumbs-content":"","ast-featured-img":"disabled","footer-sml-layout":"","ast-disable-related-posts":"","theme-transparent-header-meta":"","adv-header-id-meta":"","stick-header-meta":"","header-above-stick-meta":"","header-main-stick-meta":"","header-below-stick-meta":"","astra-migrate-meta-layouts":"set","ast-page-background-enabled":"default","ast-page-background-meta":{"desktop":{"background-color":"var(--ast-global-color-4)","background-image":"","background-repeat":"repeat","background-position":"center center","background-size":"auto","background-attachment":"scroll","background-type":"","background-media":"","overlay-type":"","overlay-color":"","overlay-opacity":"","overlay-gradient":""},"tablet":{"background-color":"","background-image":"","background-repeat":"repeat","background-position":"center center","background-size":"auto","background-attachment":"scroll","background-type":"","background-media":"","overlay-type":"","overlay-color":"","overlay-opacity":"","overlay-gradient":""},"mobile":{"background-color":"","background-image":"","background-repeat":"repeat","background-position":"center center","background-size":"auto","background-attachment":"scroll","background-type":"","background-media":"","overlay-type":"","overlay-color":"","overlay-opacity":"","overlay-gradient":""}},"ast-content-background-meta":{"desktop":{"background-color":"var(--ast-global-color-5)","background-image":"","background-repeat":"repeat","background-position":"center center","background-size":"auto","background-attachment":"scroll","background-type":"","background-media":"","overlay-type":"","overlay-color":"","overlay-opacity":"","overlay-gradient":""},"tablet":{"background-color":"var(--ast-global-color-5)","background-image":"","background-repeat":"repeat","background-position":"center center","background-size":"auto","background-attachment":"scroll","background-type":"","background-media":"","overlay-type":"","overlay-color":"","overlay-opacity":"","overlay-gradient":""},"mobile":{"background-color":"var(--ast-global-color-5)","background-image":"","background-repeat":"repeat","background-position":"center center","background-size":"auto","background-attachment":"scroll","background-type":"","background-media":"","overlay-type":"","overlay-color":"","overlay-opacity":"","overlay-gradient":""}},"footnotes":""},"class_list":["post-18683","page","type-page","status-publish","hentry"],"yoast_head":"<!-- This site is optimized with the Yoast SEO plugin v27.5 - https:\/\/yoast.com\/product\/yoast-seo-wordpress\/ -->\n<title>COMFA-PLAY - Comfacor<\/title>\n<meta name=\"robots\" content=\"index, follow, max-snippet:-1, max-image-preview:large, max-video-preview:-1\" \/>\n<link rel=\"canonical\" href=\"https:\/\/comfacor.com.co\/newweb\/comfaplay\/\" \/>\n<meta property=\"og:locale\" content=\"es_ES\" \/>\n<meta property=\"og:type\" content=\"article\" \/>\n<meta property=\"og:title\" content=\"COMFA-PLAY - Comfacor\" \/>\n<meta property=\"og:description\" content=\"COMFA-PLAY 2025 D\u00edas Horas Minutos Segundos\" \/>\n<meta property=\"og:url\" content=\"https:\/\/comfacor.com.co\/newweb\/comfaplay\/\" \/>\n<meta property=\"og:site_name\" content=\"Comfacor\" \/>\n<meta property=\"article:publisher\" content=\"https:\/\/www.facebook.com\/comfacoroficial\" \/>\n<meta property=\"article:modified_time\" content=\"2026-03-13T19:56:50+00:00\" \/>\n<meta name=\"twitter:card\" content=\"summary_large_image\" \/>\n<meta name=\"twitter:site\" content=\"@comfacoroficial\" \/>\n<meta name=\"twitter:label1\" content=\"Tiempo de lectura\" \/>\n\t<meta name=\"twitter:data1\" content=\"1 minuto\" \/>\n<script type=\"application\/ld+json\" class=\"yoast-schema-graph\">{\"@context\":\"https:\\\/\\\/schema.org\",\"@graph\":[{\"@type\":\"WebPage\",\"@id\":\"https:\\\/\\\/comfacor.com.co\\\/newweb\\\/comfaplay\\\/\",\"url\":\"https:\\\/\\\/comfacor.com.co\\\/newweb\\\/comfaplay\\\/\",\"name\":\"COMFA-PLAY - Comfacor\",\"isPartOf\":{\"@id\":\"https:\\\/\\\/comfacor.com.co\\\/newweb\\\/#website\"},\"datePublished\":\"2023-10-12T20:19:56+00:00\",\"dateModified\":\"2026-03-13T19:56:50+00:00\",\"inLanguage\":\"es-CO\",\"potentialAction\":[{\"@type\":\"ReadAction\",\"target\":[\"https:\\\/\\\/comfacor.com.co\\\/newweb\\\/comfaplay\\\/\"]}]},{\"@type\":\"WebSite\",\"@id\":\"https:\\\/\\\/comfacor.com.co\\\/newweb\\\/#website\",\"url\":\"https:\\\/\\\/comfacor.com.co\\\/newweb\\\/\",\"name\":\"Comfacor\",\"description\":\"Caja de Compensaci\u00f3n de C\u00f3rdoba\",\"publisher\":{\"@id\":\"https:\\\/\\\/comfacor.com.co\\\/newweb\\\/#organization\"},\"potentialAction\":[{\"@type\":\"SearchAction\",\"target\":{\"@type\":\"EntryPoint\",\"urlTemplate\":\"https:\\\/\\\/comfacor.com.co\\\/newweb\\\/?s={search_term_string}\"},\"query-input\":{\"@type\":\"PropertyValueSpecification\",\"valueRequired\":true,\"valueName\":\"search_term_string\"}}],\"inLanguage\":\"es-CO\"},{\"@type\":\"Organization\",\"@id\":\"https:\\\/\\\/comfacor.com.co\\\/newweb\\\/#organization\",\"name\":\"Comfacor\",\"url\":\"https:\\\/\\\/comfacor.com.co\\\/newweb\\\/\",\"logo\":{\"@type\":\"ImageObject\",\"inLanguage\":\"es-CO\",\"@id\":\"https:\\\/\\\/comfacor.com.co\\\/newweb\\\/#\\\/schema\\\/logo\\\/image\\\/\",\"url\":\"https:\\\/\\\/comfacor.com.co\\\/newweb\\\/wp-content\\\/uploads\\\/2022\\\/07\\\/MANUAL-CORPORATIVO-COMFACOR.png\",\"contentUrl\":\"https:\\\/\\\/comfacor.com.co\\\/newweb\\\/wp-content\\\/uploads\\\/2022\\\/07\\\/MANUAL-CORPORATIVO-COMFACOR.png\",\"width\":160,\"height\":100,\"caption\":\"Comfacor\"},\"image\":{\"@id\":\"https:\\\/\\\/comfacor.com.co\\\/newweb\\\/#\\\/schema\\\/logo\\\/image\\\/\"},\"sameAs\":[\"https:\\\/\\\/www.facebook.com\\\/comfacoroficial\",\"https:\\\/\\\/x.com\\\/comfacoroficial\",\"https:\\\/\\\/www.instagram.com\\\/comfacoroficial\\\/\"]}]}<\/script>\n<!-- \/ Yoast SEO plugin. -->","yoast_head_json":{"title":"COMFA-PLAY - Comfacor","robots":{"index":"index","follow":"follow","max-snippet":"max-snippet:-1","max-image-preview":"max-image-preview:large","max-video-preview":"max-video-preview:-1"},"canonical":"https:\/\/comfacor.com.co\/newweb\/comfaplay\/","og_locale":"es_ES","og_type":"article","og_title":"COMFA-PLAY - Comfacor","og_description":"COMFA-PLAY 2025 D\u00edas Horas Minutos Segundos","og_url":"https:\/\/comfacor.com.co\/newweb\/comfaplay\/","og_site_name":"Comfacor","article_publisher":"https:\/\/www.facebook.com\/comfacoroficial","article_modified_time":"2026-03-13T19:56:50+00:00","twitter_card":"summary_large_image","twitter_site":"@comfacoroficial","twitter_misc":{"Tiempo de lectura":"1 minuto"},"schema":{"@context":"https:\/\/schema.org","@graph":[{"@type":"WebPage","@id":"https:\/\/comfacor.com.co\/newweb\/comfaplay\/","url":"https:\/\/comfacor.com.co\/newweb\/comfaplay\/","name":"COMFA-PLAY - Comfacor","isPartOf":{"@id":"https:\/\/comfacor.com.co\/newweb\/#website"},"datePublished":"2023-10-12T20:19:56+00:00","dateModified":"2026-03-13T19:56:50+00:00","inLanguage":"es-CO","potentialAction":[{"@type":"ReadAction","target":["https:\/\/comfacor.com.co\/newweb\/comfaplay\/"]}]},{"@type":"WebSite","@id":"https:\/\/comfacor.com.co\/newweb\/#website","url":"https:\/\/comfacor.com.co\/newweb\/","name":"Comfacor","description":"Caja de Compensaci\u00f3n de C\u00f3rdoba","publisher":{"@id":"https:\/\/comfacor.com.co\/newweb\/#organization"},"potentialAction":[{"@type":"SearchAction","target":{"@type":"EntryPoint","urlTemplate":"https:\/\/comfacor.com.co\/newweb\/?s={search_term_string}"},"query-input":{"@type":"PropertyValueSpecification","valueRequired":true,"valueName":"search_term_string"}}],"inLanguage":"es-CO"},{"@type":"Organization","@id":"https:\/\/comfacor.com.co\/newweb\/#organization","name":"Comfacor","url":"https:\/\/comfacor.com.co\/newweb\/","logo":{"@type":"ImageObject","inLanguage":"es-CO","@id":"https:\/\/comfacor.com.co\/newweb\/#\/schema\/logo\/image\/","url":"https:\/\/comfacor.com.co\/newweb\/wp-content\/uploads\/2022\/07\/MANUAL-CORPORATIVO-COMFACOR.png","contentUrl":"https:\/\/comfacor.com.co\/newweb\/wp-content\/uploads\/2022\/07\/MANUAL-CORPORATIVO-COMFACOR.png","width":160,"height":100,"caption":"Comfacor"},"image":{"@id":"https:\/\/comfacor.com.co\/newweb\/#\/schema\/logo\/image\/"},"sameAs":["https:\/\/www.facebook.com\/comfacoroficial","https:\/\/x.com\/comfacoroficial","https:\/\/www.instagram.com\/comfacoroficial\/"]}]}},"_links":{"self":[{"href":"https:\/\/comfacor.com.co\/newweb\/wp-json\/wp\/v2\/pages\/18683","targetHints":{"allow":["GET"]}}],"collection":[{"href":"https:\/\/comfacor.com.co\/newweb\/wp-json\/wp\/v2\/pages"}],"about":[{"href":"https:\/\/comfacor.com.co\/newweb\/wp-json\/wp\/v2\/types\/page"}],"author":[{"embeddable":true,"href":"https:\/\/comfacor.com.co\/newweb\/wp-json\/wp\/v2\/users\/4"}],"replies":[{"embeddable":true,"href":"https:\/\/comfacor.com.co\/newweb\/wp-json\/wp\/v2\/comments?post=18683"}],"version-history":[{"count":77,"href":"https:\/\/comfacor.com.co\/newweb\/wp-json\/wp\/v2\/pages\/18683\/revisions"}],"predecessor-version":[{"id":47749,"href":"https:\/\/comfacor.com.co\/newweb\/wp-json\/wp\/v2\/pages\/18683\/revisions\/47749"}],"wp:attachment":[{"href":"https:\/\/comfacor.com.co\/newweb\/wp-json\/wp\/v2\/media?parent=18683"}],"curies":[{"name":"wp","href":"https:\/\/api.w.org\/{rel}","templated":true}]}}