{"id":1771,"date":"2020-03-26T15:00:52","date_gmt":"2020-03-26T15:00:52","guid":{"rendered":"http:\/\/www.ps-comfacorepsenliquidacion.com.co\/?page_id=1771"},"modified":"2021-07-29T20:01:38","modified_gmt":"2021-07-29T20:01:38","slug":"rendicion-de-cuentas","status":"publish","type":"page","link":"https:\/\/comfacor.com.co\/epsliquidada\/?page_id=1771","title":{"rendered":""},"content":{"rendered":"\n<h2 class=\"has-text-align-center\">Informe de Rendici\u00f3n de Cuentas 2019<\/h2>\n\n\n\n<div class=\"wp-block-button aligncenter\"><\/div>\n\n\n\n<hr class=\"wp-block-separator\"\/>\n\n\n\n<h2 class=\"has-text-align-center\">Informe de Rendici\u00f3n de Cuentas 2018<\/h2>\n\n\n\n<div class=\"wp-block-button aligncenter\"><a class=\"wp-block-button__link\" href=\"https:\/\/drive.google.com\/file\/d\/14hmhr6zmC6lHSnQTRSAvuWXW6MG7eeI8\/preview\">Descargar<\/a><\/div>\n\n\n\n<hr class=\"wp-block-separator\"\/>\n\n\n\n<h2 class=\"has-text-align-center\">Informe de Rendici\u00f3n de Cuentas 2017<\/h2>\n\n\n\n<div class=\"wp-block-button aligncenter\"><a class=\"wp-block-button__link\" href=\"https:\/\/drive.google.com\/file\/d\/1z5uFRcDy_BCODPkWDMbfpOAmRi7mENMg\/preview\">Descargar<\/a><\/div>\n\n\n\n<hr class=\"wp-block-separator\"\/>\n\n\n\n<h2 class=\"has-text-align-center\">Anexo 1- Relaci\u00f3n de activos<\/h2>\n\n\n\n<div class=\"wp-block-button aligncenter\"><\/div>\n\n\n\n<hr class=\"wp-block-separator\"\/>\n\n\n\n<h2 class=\"has-text-align-center\">Anexo 2- Detalle de Inventario de Procesos Judiciales<\/h2>\n\n\n\n<div class=\"wp-block-button aligncenter\"><\/div>\n\n\n\n<hr class=\"wp-block-separator\"\/>\n\n\n\n<h2 class=\"has-text-align-center\">Anexo 3- Detalle de Notificaci\u00f3n De Acreencias Oportunas Diferentes A Salud<\/h2>\n\n\n\n<div class=\"wp-block-button aligncenter\"><\/div>\n\n\n\n<hr class=\"wp-block-separator\"\/>\n\n\n\n<h2 class=\"has-text-align-center\">Anexo 4- Recepci\u00f3n Recursos De Reposici\u00f3n Acreedores Oportunos Diferentes a Salud<\/h2>\n\n\n\n<div class=\"wp-block-button aligncenter\"><\/div>\n\n\n\n<p><\/p>\n","protected":false},"excerpt":{"rendered":"<p>Informe de Rendici\u00f3n de Cuentas 2019 Informe de Rendici\u00f3n de Cuentas 2018 Informe de Rendici\u00f3n de Cuentas 2017 Anexo 1- Relaci\u00f3n de activos Anexo 2- Detalle de Inventario de Procesos &#8230;<\/p>\n","protected":false},"author":1,"featured_media":1439,"parent":0,"menu_order":0,"comment_status":"closed","ping_status":"closed","template":"","meta":{"spay_email":""},"_links":{"self":[{"href":"https:\/\/comfacor.com.co\/epsliquidada\/index.php?rest_route=\/wp\/v2\/pages\/1771"}],"collection":[{"href":"https:\/\/comfacor.com.co\/epsliquidada\/index.php?rest_route=\/wp\/v2\/pages"}],"about":[{"href":"https:\/\/comfacor.com.co\/epsliquidada\/index.php?rest_route=\/wp\/v2\/types\/page"}],"author":[{"embeddable":true,"href":"https:\/\/comfacor.com.co\/epsliquidada\/index.php?rest_route=\/wp\/v2\/users\/1"}],"replies":[{"embeddable":true,"href":"https:\/\/comfacor.com.co\/epsliquidada\/index.php?rest_route=%2Fwp%2Fv2%2Fcomments&post=1771"}],"version-history":[{"count":6,"href":"https:\/\/comfacor.com.co\/epsliquidada\/index.php?rest_route=\/wp\/v2\/pages\/1771\/revisions"}],"predecessor-version":[{"id":1966,"href":"https:\/\/comfacor.com.co\/epsliquidada\/index.php?rest_route=\/wp\/v2\/pages\/1771\/revisions\/1966"}],"wp:featuredmedia":[{"embeddable":true,"href":"https:\/\/comfacor.com.co\/epsliquidada\/index.php?rest_route=\/wp\/v2\/media\/1439"}],"wp:attachment":[{"href":"https:\/\/comfacor.com.co\/epsliquidada\/index.php?rest_route=%2Fwp%2Fv2%2Fmedia&parent=1771"}],"curies":[{"name":"wp","href":"https:\/\/api.w.org\/{rel}","templated":true}]}}