{"id":1575,"date":"2019-08-15T22:48:20","date_gmt":"2019-08-15T22:48:20","guid":{"rendered":"http:\/\/www.ps-comfacorepsenliquidacion.com.co\/?page_id=1575"},"modified":"2020-03-26T18:10:05","modified_gmt":"2020-03-26T18:10:05","slug":"formulario-de-presentacion-de-deudas","status":"publish","type":"page","link":"https:\/\/comfacor.com.co\/epsliquidada\/?page_id=1575","title":{"rendered":"Formulario de presentaci\u00f3n de deudas"},"content":{"rendered":"\n<p>Para efectuar la reclamaci\u00f3n los acreedores deber\u00e1n diligenciar el Formulario de Presentaci\u00f3n de Deuda y el Anexo T\u00e9cnico del tipo de deuda que requiera. Este formulario podr\u00e1 solicitarse tambi\u00e9n en FORMA GRATUITA, en las oficinas ubicadas en la Calle 10 # 8F-9, barrio Buenavista \u2013 Monter\u00eda \u2013 C\u00f3rdoba.<\/p>\n\n\n<div class=\"wp-block-button aligncenter is-style-squared\"><\/div>\n\n\n<figure class=\"wp-block-table is-style-regular\"><table class=\"\"><thead><tr><th>ANEXO T\u00c9CNICO<\/th><th>&nbsp;<\/th><\/tr><\/thead><tbody><tr><td>Deudas Contratos Laborales (D01)<\/td><td><\/td><\/tr><tr><td>Deudas Libranzas (D02)<\/td><td><\/td><\/tr><tr><td>Deudas Fiscales  (D03)<\/td><td><\/td><\/tr><tr><td>Deudas Crediticias (Bancos y Cooperativas) (D04)<\/td><td><\/td><\/tr><tr><td>Deudas ICBF, SENA, Caja de Compensaci\u00f3n (D05)<\/td><td><\/td><\/tr><tr><td>Deudas Aseguradora (Pensiones, Salud y Riesgos) (D06)<\/td><td><\/td><\/tr><tr><td>Deudas Prestadores Servicios de Salud (D07)<\/td><td><\/td><\/tr><tr><td>Deudas Licencias e Incapacidades y Partos no Viables (D08)<\/td><td><\/td><\/tr><tr><td>Deudas Liquidaci\u00f3n de Contratos (D09)<\/td><td><\/td><\/tr><tr><td>Deudas Flujo de Recursos (D10)<\/td><td><a href=\"https:\/\/bit.ly\/eps-d10\" target=\"_blank\" rel=\"noreferrer noopener\" aria-label=\" (opens in a new tab)\">Descargar\u00a0<\/a><\/td><\/tr><tr><td>Deudas Devoluci\u00f3n de Aportes (D11)<\/td><td><a href=\"https:\/\/bit.ly\/eps-d11\" target=\"_blank\" rel=\"noreferrer noopener\" aria-label=\" (opens in a new tab)\">Descargar\u00a0<\/a><\/td><\/tr><tr><td>Deudas Aportes PAC (D12)<\/td><td><\/td><\/tr><tr><td>Deudas por Financiamiento del Sistema de Seguridad Social en Salud SGP Hospitales (D13)<\/td><td><\/td><\/tr><tr><td>Deudas por Financiamiento del Sistema de Seguridad Social en Salud Contratos con Entes (D14)<\/td><td><a href=\"https:\/\/bit.ly\/eps-d14\" target=\"_blank\" rel=\"noreferrer noopener\" aria-label=\" (opens in a new tab)\">Descargar\u00a0<\/a><\/td><\/tr><tr><td>Deudas por Procesos Ordinarios (D15)<\/td><td><a href=\"https:\/\/bit.ly\/eps-d15\" target=\"_blank\" rel=\"noreferrer noopener\" aria-label=\" (opens in a new tab)\">Descargar<\/a><\/td><\/tr><tr><td>Deudas por Procesos Ejecutivos (D16)<\/td><td><a href=\"https:\/\/bit.ly\/eps-d16\" target=\"_blank\" rel=\"noreferrer noopener\" aria-label=\" (opens in a new tab)\">Descargar<\/a><\/td><\/tr><tr><td>Deudas por Costas y Agencias de Derecho y Sentencias  (D17)<\/td><td><\/td><\/tr><tr><td>Deudas por Conciliaciones (D18)<\/td><td><a href=\"https:\/\/bit.ly\/eps-d18\" target=\"_blank\" rel=\"noreferrer noopener\" aria-label=\" (opens in a new tab)\">Descargar<\/a><\/td><\/tr><tr><td>Deudas por Disciplinarios y Sanciones (D19)<\/td><td><a href=\"https:\/\/drive.google.com\/open?id=1iFoPIuuAS93Al90kdbLgkwQiYVPT3wzY\" target=\"_blank\" rel=\"noreferrer noopener\" aria-label=\"Descargar (opens in a new tab)\">Descargar<\/a><\/td><\/tr><tr><td>Deudas a Proveedores (D20)<\/td><td><\/td><\/tr><tr><td>Deudas Bienes de Terceros (D21)<\/td><td><a href=\"https:\/\/bit.ly\/eps-d21\" target=\"_blank\" rel=\"noreferrer noopener\" aria-label=\" (opens in a new tab)\">Descargar<\/a><\/td><\/tr><tr><td>Otras Deudas (D22)<\/td><td><a href=\"https:\/\/bit.ly\/eps-d22\" target=\"_blank\" rel=\"noreferrer noopener\" aria-label=\" (opens in a new tab)\">Descargar<\/a><\/td><\/tr><\/tbody><\/table><\/figure>\n","protected":false},"excerpt":{"rendered":"<p>Para efectuar la reclamaci\u00f3n los acreedores deber\u00e1n diligenciar el Formulario de Presentaci\u00f3n de Deuda y el Anexo T\u00e9cnico del tipo de deuda que requiera. Este formulario podr\u00e1 solicitarse tambi\u00e9n en &#8230;<\/p>\n","protected":false},"author":1,"featured_media":0,"parent":0,"menu_order":0,"comment_status":"closed","ping_status":"closed","template":"","meta":{"spay_email":""},"_links":{"self":[{"href":"https:\/\/comfacor.com.co\/epsliquidada\/index.php?rest_route=\/wp\/v2\/pages\/1575"}],"collection":[{"href":"https:\/\/comfacor.com.co\/epsliquidada\/index.php?rest_route=\/wp\/v2\/pages"}],"about":[{"href":"https:\/\/comfacor.com.co\/epsliquidada\/index.php?rest_route=\/wp\/v2\/types\/page"}],"author":[{"embeddable":true,"href":"https:\/\/comfacor.com.co\/epsliquidada\/index.php?rest_route=\/wp\/v2\/users\/1"}],"replies":[{"embeddable":true,"href":"https:\/\/comfacor.com.co\/epsliquidada\/index.php?rest_route=%2Fwp%2Fv2%2Fcomments&post=1575"}],"version-history":[{"count":12,"href":"https:\/\/comfacor.com.co\/epsliquidada\/index.php?rest_route=\/wp\/v2\/pages\/1575\/revisions"}],"predecessor-version":[{"id":1776,"href":"https:\/\/comfacor.com.co\/epsliquidada\/index.php?rest_route=\/wp\/v2\/pages\/1575\/revisions\/1776"}],"wp:attachment":[{"href":"https:\/\/comfacor.com.co\/epsliquidada\/index.php?rest_route=%2Fwp%2Fv2%2Fmedia&parent=1575"}],"curies":[{"name":"wp","href":"https:\/\/api.w.org\/{rel}","templated":true}]}}